{"id":11753,"date":"2022-04-01T11:45:49","date_gmt":"2022-04-01T09:45:49","guid":{"rendered":"https:\/\/bpi.be-ge.se\/?page_id=11753"},"modified":"2026-01-15T09:49:13","modified_gmt":"2026-01-15T08:49:13","slug":"om-foretaget","status":"publish","type":"page","link":"https:\/\/bpi.be-ge.se\/en\/om-foretaget\/","title":{"rendered":"About the company"},"content":{"rendered":"<div data-elementor-type=\"wp-page\" data-elementor-id=\"11753\" class=\"elementor elementor-11753\" data-elementor-post-type=\"page\">\n\t\t\t\t\t\t<section class=\"elementor-section elementor-top-section elementor-element elementor-element-6e93dc3b elementor-section-boxed elementor-section-height-default elementor-section-height-default\" data-id=\"6e93dc3b\" data-element_type=\"section\" data-e-type=\"section\">\n\t\t\t\t\t\t<div class=\"elementor-container elementor-column-gap-default\">\n\t\t\t\t\t<div class=\"elementor-column elementor-col-50 elementor-top-column elementor-element elementor-element-6b2ded63\" data-id=\"6b2ded63\" data-element_type=\"column\" data-e-type=\"column\">\n\t\t\t<div class=\"elementor-widget-wrap elementor-element-populated\">\n\t\t\t\t\t\t<div class=\"elementor-element elementor-element-6e7195ac elementor-widget elementor-widget-heading\" data-id=\"6e7195ac\" data-element_type=\"widget\" data-e-type=\"widget\" data-widget_type=\"heading.default\">\n\t\t\t\t<div class=\"elementor-widget-container\">\n\t\t\t\t\t<h1 class=\"elementor-heading-title elementor-size-large\">About Be-Ge Pl\u00e5tindustri AB<\/h1>\t\t\t\t<\/div>\n\t\t\t\t<\/div>\n\t\t\t\t\t<\/div>\n\t\t<\/div>\n\t\t\t\t<div class=\"elementor-column elementor-col-50 elementor-top-column elementor-element elementor-element-61d35e81\" data-id=\"61d35e81\" data-element_type=\"column\" data-e-type=\"column\">\n\t\t\t<div class=\"elementor-widget-wrap elementor-element-populated\">\n\t\t\t\t\t\t<div class=\"elementor-element elementor-element-7d789e79 elementor-widget elementor-widget-text-editor\" data-id=\"7d789e79\" data-element_type=\"widget\" data-e-type=\"widget\" data-widget_type=\"text-editor.default\">\n\t\t\t\t<div class=\"elementor-widget-container\">\n\t\t\t\t\t\t\t\t\t<div id=\"x-section-1\" class=\"x-section cs-ta-left\"><div class=\"x-container max width\"><div class=\"x-column x-sm x-1-1\"><div class=\"x-text cs-ta-left bege-intro\"><p>Be-Ge Pl\u00e5tindustri AB was founded in 1951, under the name of Oskarshamn Pl\u00e5tindustri AB. Over the years the company has developed into an efficient industry for the manufacture of sheet metal components in small and medium series. Customers are mainly in the engineering industry in Scandinavia.<\/p><\/div><div id=\"x-section-2\" class=\"x-section\"><div class=\"x-container max width\">\u00a0<\/div><\/div><\/div><\/div><\/div>\t\t\t\t\t\t\t\t<\/div>\n\t\t\t\t<\/div>\n\t\t\t\t\t<\/div>\n\t\t<\/div>\n\t\t\t\t\t<\/div>\n\t\t<\/section>\n\t\t\t\t<section class=\"elementor-section elementor-top-section elementor-element elementor-element-6e406250 elementor-section-full_width elementor-section-height-min-height elementor-section-height-default elementor-section-items-middle\" data-id=\"6e406250\" data-element_type=\"section\" data-e-type=\"section\" data-settings=\"{&quot;background_background&quot;:&quot;classic&quot;}\">\n\t\t\t\t\t\t\t<div class=\"elementor-background-overlay\"><\/div>\n\t\t\t\t\t\t\t<div class=\"elementor-container elementor-column-gap-default\">\n\t\t\t\t\t<div class=\"elementor-column elementor-col-100 elementor-top-column elementor-element elementor-element-2a0f2b37\" data-id=\"2a0f2b37\" data-element_type=\"column\" data-e-type=\"column\">\n\t\t\t<div class=\"elementor-widget-wrap\">\n\t\t\t\t\t\t\t<\/div>\n\t\t<\/div>\n\t\t\t\t\t<\/div>\n\t\t<\/section>\n\t\t\t\t<section class=\"elementor-section elementor-top-section elementor-element elementor-element-29085935 elementor-section-boxed elementor-section-height-default elementor-section-height-default\" data-id=\"29085935\" data-element_type=\"section\" data-e-type=\"section\">\n\t\t\t\t\t\t<div class=\"elementor-container elementor-column-gap-default\">\n\t\t\t\t\t<div class=\"elementor-column elementor-col-100 elementor-top-column elementor-element elementor-element-2a05cd43\" data-id=\"2a05cd43\" data-element_type=\"column\" data-e-type=\"column\">\n\t\t\t<div class=\"elementor-widget-wrap elementor-element-populated\">\n\t\t\t\t\t\t<div class=\"elementor-element elementor-element-731c8254 elementor-widget elementor-widget-heading\" data-id=\"731c8254\" data-element_type=\"widget\" data-e-type=\"widget\" data-widget_type=\"heading.default\">\n\t\t\t\t<div class=\"elementor-widget-container\">\n\t\t\t\t\t<h2 class=\"elementor-heading-title elementor-size-large\">Manufacture of sheet metal components in small and medium series<\/h2>\t\t\t\t<\/div>\n\t\t\t\t<\/div>\n\t\t\t\t<div class=\"elementor-element elementor-element-308bb912 elementor-widget elementor-widget-text-editor\" data-id=\"308bb912\" data-element_type=\"widget\" data-e-type=\"widget\" data-widget_type=\"text-editor.default\">\n\t\t\t\t<div class=\"elementor-widget-container\">\n\t\t\t\t\t\t\t\t\t<p>Since 2001, the Be-Ge group acquires Oskarshamn Pl\u00e5tindustri, and in 2008 carried out a name change to the Be-Ge Pl\u00e5tindustri AB.<\/p>\t\t\t\t\t\t\t\t<\/div>\n\t\t\t\t<\/div>\n\t\t\t\t<section class=\"elementor-section elementor-inner-section elementor-element elementor-element-215258a1 elementor-section-boxed elementor-section-height-default elementor-section-height-default\" data-id=\"215258a1\" data-element_type=\"section\" data-e-type=\"section\">\n\t\t\t\t\t\t<div class=\"elementor-container elementor-column-gap-wider\">\n\t\t\t\t\t<div class=\"elementor-column elementor-col-50 elementor-inner-column elementor-element elementor-element-2d3ec297\" data-id=\"2d3ec297\" data-element_type=\"column\" data-e-type=\"column\" data-settings=\"{&quot;background_background&quot;:&quot;classic&quot;}\">\n\t\t\t<div class=\"elementor-widget-wrap elementor-element-populated\">\n\t\t\t\t\t\t<div class=\"elementor-element elementor-element-5c406418 elementor-widget elementor-widget-image\" data-id=\"5c406418\" data-element_type=\"widget\" data-e-type=\"widget\" data-widget_type=\"image.default\">\n\t\t\t\t<div class=\"elementor-widget-container\">\n\t\t\t\t\t\t\t\t\t\t\t\t\t\t\t<img fetchpriority=\"high\" decoding=\"async\" width=\"683\" height=\"1024\" src=\"https:\/\/bpi.be-ge.se\/wp-content\/uploads\/2024\/02\/DSC_0073_-683x1024.webp\" class=\"attachment-large size-large wp-image-14772\" alt=\"\" srcset=\"https:\/\/bpi.be-ge.se\/wp-content\/uploads\/2024\/02\/DSC_0073_-683x1024.webp 683w, https:\/\/bpi.be-ge.se\/wp-content\/uploads\/2024\/02\/DSC_0073_-200x300.webp 200w, https:\/\/bpi.be-ge.se\/wp-content\/uploads\/2024\/02\/DSC_0073_-768x1152.webp 768w, https:\/\/bpi.be-ge.se\/wp-content\/uploads\/2024\/02\/DSC_0073_-8x12.webp 8w, https:\/\/bpi.be-ge.se\/wp-content\/uploads\/2024\/02\/DSC_0073_.webp 900w\" sizes=\"(max-width: 683px) 100vw, 683px\" \/>\t\t\t\t\t\t\t\t\t\t\t\t\t\t\t<\/div>\n\t\t\t\t<\/div>\n\t\t\t\t\t<\/div>\n\t\t<\/div>\n\t\t\t\t<div class=\"elementor-column elementor-col-50 elementor-inner-column elementor-element elementor-element-66b47897\" data-id=\"66b47897\" data-element_type=\"column\" data-e-type=\"column\" data-settings=\"{&quot;background_background&quot;:&quot;classic&quot;}\">\n\t\t\t<div class=\"elementor-widget-wrap elementor-element-populated\">\n\t\t\t\t\t\t<div class=\"elementor-element elementor-element-1eddf80c elementor-widget elementor-widget-image\" data-id=\"1eddf80c\" data-element_type=\"widget\" data-e-type=\"widget\" data-widget_type=\"image.default\">\n\t\t\t\t<div class=\"elementor-widget-container\">\n\t\t\t\t\t\t\t\t\t\t\t\t\t\t\t<img decoding=\"async\" width=\"900\" height=\"1350\" src=\"https:\/\/bpi.be-ge.se\/wp-content\/uploads\/2024\/02\/DSC_0272_.webp\" class=\"attachment-full size-full wp-image-14773\" alt=\"\" srcset=\"https:\/\/bpi.be-ge.se\/wp-content\/uploads\/2024\/02\/DSC_0272_.webp 900w, https:\/\/bpi.be-ge.se\/wp-content\/uploads\/2024\/02\/DSC_0272_-200x300.webp 200w, https:\/\/bpi.be-ge.se\/wp-content\/uploads\/2024\/02\/DSC_0272_-683x1024.webp 683w, https:\/\/bpi.be-ge.se\/wp-content\/uploads\/2024\/02\/DSC_0272_-768x1152.webp 768w, https:\/\/bpi.be-ge.se\/wp-content\/uploads\/2024\/02\/DSC_0272_-8x12.webp 8w\" sizes=\"(max-width: 900px) 100vw, 900px\" \/>\t\t\t\t\t\t\t\t\t\t\t\t\t\t\t<\/div>\n\t\t\t\t<\/div>\n\t\t\t\t\t<\/div>\n\t\t<\/div>\n\t\t\t\t\t<\/div>\n\t\t<\/section>\n\t\t\t\t\t<\/div>\n\t\t<\/div>\n\t\t\t\t\t<\/div>\n\t\t<\/section>\n\t\t\t\t<section class=\"elementor-section elementor-top-section elementor-element elementor-element-c327016 elementor-section-boxed elementor-section-height-default elementor-section-height-default\" data-id=\"c327016\" data-element_type=\"section\" data-e-type=\"section\" data-settings=\"{&quot;background_background&quot;:&quot;classic&quot;}\">\n\t\t\t\t\t\t<div class=\"elementor-container elementor-column-gap-wider\">\n\t\t\t\t\t<div class=\"elementor-column elementor-col-100 elementor-top-column elementor-element elementor-element-6ea90826\" data-id=\"6ea90826\" data-element_type=\"column\" data-e-type=\"column\">\n\t\t\t<div class=\"elementor-widget-wrap elementor-element-populated\">\n\t\t\t\t\t\t<div class=\"elementor-element elementor-element-18cbb4c elementor-widget elementor-widget-heading\" data-id=\"18cbb4c\" data-element_type=\"widget\" data-e-type=\"widget\" data-widget_type=\"heading.default\">\n\t\t\t\t<div class=\"elementor-widget-container\">\n\t\t\t\t\t<h2 class=\"elementor-heading-title elementor-size-large\">With wide competence<\/h2>\t\t\t\t<\/div>\n\t\t\t\t<\/div>\n\t\t\t\t<div class=\"elementor-element elementor-element-672fa4c2 elementor-widget elementor-widget-text-editor\" data-id=\"672fa4c2\" data-element_type=\"widget\" data-e-type=\"widget\" data-widget_type=\"text-editor.default\">\n\t\t\t\t<div class=\"elementor-widget-container\">\n\t\t\t\t\t\t\t\t\t<p>With the wide competence and skills of our staff and the breadth of our machinery, we tailor the customers optimal products with regard to function and price.<\/p>\t\t\t\t\t\t\t\t<\/div>\n\t\t\t\t<\/div>\n\t\t\t\t\t<\/div>\n\t\t<\/div>\n\t\t\t\t\t<\/div>\n\t\t<\/section>\n\t\t\t\t<section class=\"elementor-section elementor-top-section elementor-element elementor-element-2514ab78 elementor-section-boxed elementor-section-height-default elementor-section-height-default\" data-id=\"2514ab78\" data-element_type=\"section\" data-e-type=\"section\">\n\t\t\t\t\t\t<div class=\"elementor-container elementor-column-gap-default\">\n\t\t\t\t\t<div class=\"elementor-column elementor-col-100 elementor-top-column elementor-element elementor-element-761187d2\" data-id=\"761187d2\" data-element_type=\"column\" data-e-type=\"column\">\n\t\t\t<div class=\"elementor-widget-wrap elementor-element-populated\">\n\t\t\t\t\t\t<div class=\"elementor-element elementor-element-ef4e5f7 elementor-widget elementor-widget-image-carousel\" data-id=\"ef4e5f7\" data-element_type=\"widget\" data-e-type=\"widget\" data-settings=\"{&quot;slides_to_show&quot;:&quot;3&quot;,&quot;navigation&quot;:&quot;none&quot;,&quot;autoplay_speed&quot;:4973,&quot;pause_on_hover&quot;:&quot;no&quot;,&quot;pause_on_interaction&quot;:&quot;no&quot;,&quot;autoplay&quot;:&quot;yes&quot;,&quot;infinite&quot;:&quot;yes&quot;,&quot;speed&quot;:500}\" data-widget_type=\"image-carousel.default\">\n\t\t\t\t<div class=\"elementor-widget-container\">\n\t\t\t\t\t\t\t<div class=\"elementor-image-carousel-wrapper swiper\" role=\"region\" aria-roledescription=\"carousel\" aria-label=\"Bildkarusell\" dir=\"ltr\">\n\t\t\t<div class=\"elementor-image-carousel swiper-wrapper\" aria-live=\"off\">\n\t\t\t\t\t\t\t\t<div class=\"swiper-slide\" role=\"group\" aria-roledescription=\"slide\" aria-label=\"1 of 7\" data-no-translation-aria-label=\"\"><figure class=\"swiper-slide-inner\"><img decoding=\"async\" class=\"swiper-slide-image\" src=\"https:\/\/bpi.be-ge.se\/wp-content\/uploads\/2024\/02\/RS247_Trumma-5-stor-scr_.webp\" alt=\"RS247_Trumma-5-stor-scr_\" \/><\/figure><\/div><div class=\"swiper-slide\" role=\"group\" aria-roledescription=\"slide\" aria-label=\"2 of 7\" data-no-translation-aria-label=\"\"><figure class=\"swiper-slide-inner\"><img decoding=\"async\" class=\"swiper-slide-image\" src=\"https:\/\/bpi.be-ge.se\/wp-content\/uploads\/2024\/02\/RS255_Manometer-hus-scr_.webp\" alt=\"RS255_Manometer-hus-scr_\" \/><\/figure><\/div><div class=\"swiper-slide\" role=\"group\" aria-roledescription=\"slide\" aria-label=\"3 of 7\" data-no-translation-aria-label=\"\"><figure class=\"swiper-slide-inner\"><img decoding=\"async\" class=\"swiper-slide-image\" src=\"https:\/\/bpi.be-ge.se\/wp-content\/uploads\/2024\/02\/RS245_Trappa-stor-scr_.webp\" alt=\"RS245_Trappa-stor-scr_\" \/><\/figure><\/div><div class=\"swiper-slide\" role=\"group\" aria-roledescription=\"slide\" aria-label=\"4 of 7\" data-no-translation-aria-label=\"\"><figure class=\"swiper-slide-inner\"><img decoding=\"async\" class=\"swiper-slide-image\" src=\"https:\/\/bpi.be-ge.se\/wp-content\/uploads\/2024\/02\/RS258_Fot-scr_.webp\" alt=\"RS258_Fot-scr_\" \/><\/figure><\/div><div class=\"swiper-slide\" role=\"group\" aria-roledescription=\"slide\" aria-label=\"5 of 7\" data-no-translation-aria-label=\"\"><figure class=\"swiper-slide-inner\"><img decoding=\"async\" class=\"swiper-slide-image\" src=\"https:\/\/bpi.be-ge.se\/wp-content\/uploads\/2024\/02\/RS256_Ring-scr_.webp\" alt=\"RS256_Ring-scr_\" \/><\/figure><\/div><div class=\"swiper-slide\" role=\"group\" aria-roledescription=\"slide\" aria-label=\"6 of 7\" data-no-translation-aria-label=\"\"><figure class=\"swiper-slide-inner\"><img decoding=\"async\" class=\"swiper-slide-image\" src=\"https:\/\/bpi.be-ge.se\/wp-content\/uploads\/2024\/02\/RS244_Steg-stor-scr_.webp\" alt=\"RS244_Steg-stor-scr_\" \/><\/figure><\/div><div class=\"swiper-slide\" role=\"group\" aria-roledescription=\"slide\" aria-label=\"7 of 7\" data-no-translation-aria-label=\"\"><figure class=\"swiper-slide-inner\"><img decoding=\"async\" class=\"swiper-slide-image\" src=\"https:\/\/bpi.be-ge.se\/wp-content\/uploads\/2024\/02\/RS257_Ventil-scr_.webp\" alt=\"RS257_Ventil-scr_\" \/><\/figure><\/div>\t\t\t<\/div>\n\t\t\t\t\t\t\t\n\t\t\t\t\t\t\t\t\t<\/div>\n\t\t\t\t\t\t<\/div>\n\t\t\t\t<\/div>\n\t\t\t\t\t<\/div>\n\t\t<\/div>\n\t\t\t\t\t<\/div>\n\t\t<\/section>\n\t\t\t\t<section class=\"elementor-section elementor-top-section elementor-element elementor-element-9f44808 elementor-section-boxed elementor-section-height-default elementor-section-height-default\" data-id=\"9f44808\" data-element_type=\"section\" data-e-type=\"section\">\n\t\t\t\t\t\t<div class=\"elementor-container elementor-column-gap-default\">\n\t\t\t\t\t<footer class=\"elementor-column elementor-col-100 elementor-top-column elementor-element elementor-element-0462dad\" data-id=\"0462dad\" data-element_type=\"column\" data-e-type=\"column\">\n\t\t\t<div class=\"elementor-widget-wrap\">\n\t\t\t\t\t\t\t<\/div>\n\t\t<\/footer>\n\t\t\t\t\t<\/div>\n\t\t<\/section>\n\t\t\t\t<\/div>","protected":false},"excerpt":{"rendered":"<p>Om Be-Ge Pl\u00e5tindustri AB Be-Ge Pl\u00e5tindustri AB\u00a0startades 1951, under namnet Oskarshamns Pl\u00e5tindustri AB. Under \u00e5ren har bolaget utvecklats till en rationell industri f\u00f6r tillverkning av pl\u00e5tkomponenter i mindre och medelstora serier. Kunderna finns fr\u00e4mst inom verkstadsindustrin i Skandinavien. \u00a0 Tillverkning av pl\u00e5tkomponenter i mindre och medelstora serier Sedan \u00e5r 2001 f\u00f6rv\u00e4rvar Be-Ge F\u00f6retagen AB Oskarshamns [&hellip;]<\/p>\n","protected":false},"author":1,"featured_media":0,"parent":0,"menu_order":0,"comment_status":"closed","ping_status":"closed","template":"","meta":{"_acf_changed":false,"footnotes":""},"class_list":["post-11753","page","type-page","status-publish","hentry"],"acf":[],"_links":{"self":[{"href":"https:\/\/bpi.be-ge.se\/en\/wp-json\/wp\/v2\/pages\/11753","targetHints":{"allow":["GET"]}}],"collection":[{"href":"https:\/\/bpi.be-ge.se\/en\/wp-json\/wp\/v2\/pages"}],"about":[{"href":"https:\/\/bpi.be-ge.se\/en\/wp-json\/wp\/v2\/types\/page"}],"author":[{"embeddable":true,"href":"https:\/\/bpi.be-ge.se\/en\/wp-json\/wp\/v2\/users\/1"}],"replies":[{"embeddable":true,"href":"https:\/\/bpi.be-ge.se\/en\/wp-json\/wp\/v2\/comments?post=11753"}],"version-history":[{"count":3,"href":"https:\/\/bpi.be-ge.se\/en\/wp-json\/wp\/v2\/pages\/11753\/revisions"}],"predecessor-version":[{"id":15615,"href":"https:\/\/bpi.be-ge.se\/en\/wp-json\/wp\/v2\/pages\/11753\/revisions\/15615"}],"wp:attachment":[{"href":"https:\/\/bpi.be-ge.se\/en\/wp-json\/wp\/v2\/media?parent=11753"}],"curies":[{"name":"wp","href":"https:\/\/api.w.org\/{rel}","templated":true}]}}