{"id":11764,"date":"2022-04-01T11:47:59","date_gmt":"2022-04-01T09:47:59","guid":{"rendered":"https:\/\/bpi.be-ge.se\/?page_id=11764"},"modified":"2026-01-15T11:41:26","modified_gmt":"2026-01-15T10:41:26","slug":"tillverkning","status":"publish","type":"page","link":"https:\/\/bpi.be-ge.se\/en\/tillverkning\/","title":{"rendered":"Manufacturing"},"content":{"rendered":"<div data-elementor-type=\"wp-page\" data-elementor-id=\"11764\" class=\"elementor elementor-11764\" data-elementor-post-type=\"page\">\n\t\t\t\t\t\t<section class=\"elementor-section elementor-top-section elementor-element elementor-element-1d4bdd78 elementor-section-boxed elementor-section-height-default elementor-section-height-default\" data-id=\"1d4bdd78\" data-element_type=\"section\" data-e-type=\"section\">\n\t\t\t\t\t\t<div class=\"elementor-container elementor-column-gap-default\">\n\t\t\t\t\t<div class=\"elementor-column elementor-col-50 elementor-top-column elementor-element elementor-element-30ee0a77\" data-id=\"30ee0a77\" data-element_type=\"column\" data-e-type=\"column\">\n\t\t\t<div class=\"elementor-widget-wrap elementor-element-populated\">\n\t\t\t\t\t\t<div class=\"elementor-element elementor-element-1b5308f3 elementor-widget elementor-widget-heading\" data-id=\"1b5308f3\" data-element_type=\"widget\" data-e-type=\"widget\" data-widget_type=\"heading.default\">\n\t\t\t\t<div class=\"elementor-widget-container\">\n\t\t\t\t\t<h1 class=\"elementor-heading-title elementor-size-large\">Manufacturing\n<\/h1>\t\t\t\t<\/div>\n\t\t\t\t<\/div>\n\t\t\t\t\t<\/div>\n\t\t<\/div>\n\t\t\t\t<div class=\"elementor-column elementor-col-50 elementor-top-column elementor-element elementor-element-7c0ffd42\" data-id=\"7c0ffd42\" data-element_type=\"column\" data-e-type=\"column\">\n\t\t\t<div class=\"elementor-widget-wrap elementor-element-populated\">\n\t\t\t\t\t\t<div class=\"elementor-element elementor-element-252936c1 elementor-widget elementor-widget-text-editor\" data-id=\"252936c1\" data-element_type=\"widget\" data-e-type=\"widget\" data-widget_type=\"text-editor.default\">\n\t\t\t\t<div class=\"elementor-widget-container\">\n\t\t\t\t\t\t\t\t\t<div id=\"x-section-1\" class=\"x-section cs-ta-left\"><div class=\"x-container max width\"><div class=\"x-column x-sm x-1-1\"><div class=\"x-text cs-ta-left bege-intro\"><p>At Be-Ge Pl\u00e5tindustri AB our manufacturing and production comprises of a very modern topic section where the components are cut out by laser or punched out.<\/p><\/div><\/div><\/div><\/div>\t\t\t\t\t\t\t\t<\/div>\n\t\t\t\t<\/div>\n\t\t\t\t\t<\/div>\n\t\t<\/div>\n\t\t\t\t\t<\/div>\n\t\t<\/section>\n\t\t\t\t<section class=\"elementor-section elementor-top-section elementor-element elementor-element-11a0d27 elementor-section-full_width elementor-section-height-min-height elementor-section-height-default elementor-section-items-middle\" data-id=\"11a0d27\" data-element_type=\"section\" data-e-type=\"section\" data-settings=\"{&quot;background_background&quot;:&quot;classic&quot;}\">\n\t\t\t\t\t\t\t<div class=\"elementor-background-overlay\"><\/div>\n\t\t\t\t\t\t\t<div class=\"elementor-container elementor-column-gap-default\">\n\t\t\t\t\t<div class=\"elementor-column elementor-col-100 elementor-top-column elementor-element elementor-element-62e9b058\" data-id=\"62e9b058\" data-element_type=\"column\" data-e-type=\"column\">\n\t\t\t<div class=\"elementor-widget-wrap\">\n\t\t\t\t\t\t\t<\/div>\n\t\t<\/div>\n\t\t\t\t\t<\/div>\n\t\t<\/section>\n\t\t\t\t<section class=\"elementor-section elementor-top-section elementor-element elementor-element-187db122 elementor-section-boxed elementor-section-height-default elementor-section-height-default\" data-id=\"187db122\" data-element_type=\"section\" data-e-type=\"section\">\n\t\t\t\t\t\t<div class=\"elementor-container elementor-column-gap-default\">\n\t\t\t\t\t<div class=\"elementor-column elementor-col-100 elementor-top-column elementor-element elementor-element-6511b709\" data-id=\"6511b709\" data-element_type=\"column\" data-e-type=\"column\">\n\t\t\t<div class=\"elementor-widget-wrap elementor-element-populated\">\n\t\t\t\t\t\t<div class=\"elementor-element elementor-element-4a09646a elementor-widget elementor-widget-heading\" data-id=\"4a09646a\" data-element_type=\"widget\" data-e-type=\"widget\" data-widget_type=\"heading.default\">\n\t\t\t\t<div class=\"elementor-widget-container\">\n\t\t\t\t\t<h2 class=\"elementor-heading-title elementor-size-large\">We process:<\/h2>\t\t\t\t<\/div>\n\t\t\t\t<\/div>\n\t\t\t\t<div class=\"elementor-element elementor-element-79ad9124 elementor-widget elementor-widget-text-editor\" data-id=\"79ad9124\" data-element_type=\"widget\" data-e-type=\"widget\" data-widget_type=\"text-editor.default\">\n\t\t\t\t<div class=\"elementor-widget-container\">\n\t\t\t\t\t\t\t\t\t<div class=\"x-text bege-intro\"><p>\u2013 Unalloyed steel from 0,5 to 25 mm<\/p><\/div><div class=\"x-text bege-intro\"><p>\u2013 Stainless and acidproof steel from 0,5 to 15 mm<\/p><\/div><div class=\"x-text bege-intro\"><p>\u2013 Aluminum from 0,5 to 8 mm<\/p><\/div><div class=\"x-text bege-intro\"><p>\u2013 Coppar and copper alloys from 0,5 to 8 mm<\/p><\/div>\t\t\t\t\t\t\t\t<\/div>\n\t\t\t\t<\/div>\n\t\t\t\t<div class=\"elementor-element elementor-element-8fe928e elementor-widget elementor-widget-text-editor\" data-id=\"8fe928e\" data-element_type=\"widget\" data-e-type=\"widget\" data-widget_type=\"text-editor.default\">\n\t\t\t\t<div class=\"elementor-widget-container\">\n\t\t\t\t\t\t\t\t\t<p>In the smaller range, 0,5 to 8,0 mm, it is mainly a combined punching and laser machine used. It can also do threading, stamping and forming. The bending press brakes are used with forces up to 220 tons, maximum length that can be bents is 4000 mm.<\/p>\t\t\t\t\t\t\t\t<\/div>\n\t\t\t\t<\/div>\n\t\t\t\t\t<\/div>\n\t\t<\/div>\n\t\t\t\t\t<\/div>\n\t\t<\/section>\n\t\t\t\t<section class=\"elementor-section elementor-top-section elementor-element elementor-element-4cd637f elementor-section-boxed elementor-section-height-default elementor-section-height-default\" data-id=\"4cd637f\" data-element_type=\"section\" data-e-type=\"section\">\n\t\t\t\t\t\t<div class=\"elementor-container elementor-column-gap-default\">\n\t\t\t\t\t<div class=\"elementor-column elementor-col-100 elementor-top-column elementor-element elementor-element-8dffb86\" data-id=\"8dffb86\" data-element_type=\"column\" data-e-type=\"column\">\n\t\t\t<div class=\"elementor-widget-wrap elementor-element-populated\">\n\t\t\t\t\t\t<div class=\"elementor-element elementor-element-4eedef4 elementor-cta--layout-image-left elementor-cta--tablet-layout-image-left elementor-cta--mobile-layout-image-above elementor-cta--skin-classic elementor-animated-content elementor-bg-transform elementor-bg-transform-zoom-in elementor-widget elementor-widget-call-to-action\" data-id=\"4eedef4\" data-element_type=\"widget\" data-e-type=\"widget\" data-widget_type=\"call-to-action.default\">\n\t\t\t\t<div class=\"elementor-widget-container\">\n\t\t\t\t\t\t\t<div class=\"elementor-cta\">\n\t\t\t\t\t<div class=\"elementor-cta__bg-wrapper\">\n\t\t\t\t<div class=\"elementor-cta__bg elementor-bg\" style=\"background-image: url(https:\/\/bpi.be-ge.se\/wp-content\/uploads\/2026\/01\/Fotograf-Cornelia-Hoglind-2025_Be-Ge-plat52-kopiera-1024x683.webp);\" role=\"img\" aria-label=\"Fotograf-Cornelia-Hoglind-2025_Be-Ge-plat52 kopiera\"><\/div>\n\t\t\t\t<div class=\"elementor-cta__bg-overlay\"><\/div>\n\t\t\t<\/div>\n\t\t\t\t\t\t\t<div class=\"elementor-cta__content\">\n\t\t\t\t\n\t\t\t\t\t\t\t\t\t<h2 class=\"elementor-cta__title elementor-cta__content-item elementor-content-item\">\n\t\t\t\t\t\tOur products\t\t\t\t\t<\/h2>\n\t\t\t\t\n\t\t\t\t\t\t\t\t\t<div class=\"elementor-cta__description elementor-cta__content-item elementor-content-item\">\n\t\t\t\t\t\t- Mantle and sweep <br>\n- Assembly products <br>\n- Welded products with high demands<br>\n- High-strength products<br>\t\t\t\t\t<\/div>\n\t\t\t\t\n\t\t\t\t\t\t\t<\/div>\n\t\t\t\t\t\t<\/div>\n\t\t\t\t\t\t<\/div>\n\t\t\t\t<\/div>\n\t\t\t\t\t<\/div>\n\t\t<\/div>\n\t\t\t\t\t<\/div>\n\t\t<\/section>\n\t\t\t\t<section class=\"elementor-section elementor-top-section elementor-element elementor-element-5875c65 elementor-section-boxed elementor-section-height-default elementor-section-height-default\" data-id=\"5875c65\" data-element_type=\"section\" data-e-type=\"section\" data-settings=\"{&quot;background_background&quot;:&quot;classic&quot;}\">\n\t\t\t\t\t\t<div class=\"elementor-container elementor-column-gap-default\">\n\t\t\t\t\t<div class=\"elementor-column elementor-col-100 elementor-top-column elementor-element elementor-element-ef9d4bf\" data-id=\"ef9d4bf\" data-element_type=\"column\" data-e-type=\"column\">\n\t\t\t<div class=\"elementor-widget-wrap\">\n\t\t\t\t\t\t\t<\/div>\n\t\t<\/div>\n\t\t\t\t\t<\/div>\n\t\t<\/section>\n\t\t\t\t<section class=\"elementor-section elementor-top-section elementor-element elementor-element-46893d79 elementor-section-boxed elementor-section-height-default elementor-section-height-default\" data-id=\"46893d79\" data-element_type=\"section\" data-e-type=\"section\">\n\t\t\t\t\t\t<div class=\"elementor-container elementor-column-gap-default\">\n\t\t\t\t\t<div class=\"elementor-column elementor-col-100 elementor-top-column elementor-element elementor-element-62fa478a\" data-id=\"62fa478a\" data-element_type=\"column\" data-e-type=\"column\">\n\t\t\t<div class=\"elementor-widget-wrap elementor-element-populated\">\n\t\t\t\t\t\t<div class=\"elementor-element elementor-element-10b24978 elementor-widget elementor-widget-heading\" data-id=\"10b24978\" data-element_type=\"widget\" data-e-type=\"widget\" data-widget_type=\"heading.default\">\n\t\t\t\t<div class=\"elementor-widget-container\">\n\t\t\t\t\t<h2 class=\"elementor-heading-title elementor-size-large\">Tool bounds forming\n<\/h2>\t\t\t\t<\/div>\n\t\t\t\t<\/div>\n\t\t\t\t<div class=\"elementor-element elementor-element-139b2087 elementor-widget elementor-widget-text-editor\" data-id=\"139b2087\" data-element_type=\"widget\" data-e-type=\"widget\" data-widget_type=\"text-editor.default\">\n\t\t\t\t<div class=\"elementor-widget-container\">\n\t\t\t\t\t\t\t\t\t<p>We also work with tool bounds forming and has the presses with forces up to 250 tons.<\/p>\t\t\t\t\t\t\t\t<\/div>\n\t\t\t\t<\/div>\n\t\t\t\t<section class=\"elementor-section elementor-inner-section elementor-element elementor-element-4b6f7803 elementor-section-boxed elementor-section-height-default elementor-section-height-default\" data-id=\"4b6f7803\" data-element_type=\"section\" data-e-type=\"section\">\n\t\t\t\t\t\t<div class=\"elementor-container elementor-column-gap-wider\">\n\t\t\t\t\t<div class=\"elementor-column elementor-col-33 elementor-inner-column elementor-element elementor-element-4e582a41\" data-id=\"4e582a41\" data-element_type=\"column\" data-e-type=\"column\" data-settings=\"{&quot;background_background&quot;:&quot;classic&quot;}\">\n\t\t\t<div class=\"elementor-widget-wrap elementor-element-populated\">\n\t\t\t\t\t\t<div class=\"elementor-element elementor-element-63f28f26 elementor-widget elementor-widget-image\" data-id=\"63f28f26\" data-element_type=\"widget\" data-e-type=\"widget\" data-widget_type=\"image.default\">\n\t\t\t\t<div class=\"elementor-widget-container\">\n\t\t\t\t\t\t\t\t\t\t\t\t\t\t\t<img fetchpriority=\"high\" decoding=\"async\" width=\"800\" height=\"800\" src=\"https:\/\/bpi.be-ge.se\/wp-content\/uploads\/2024\/02\/RS255_Manometer-hus-scr_.webp\" class=\"attachment-large size-large wp-image-14745\" alt=\"\" srcset=\"https:\/\/bpi.be-ge.se\/wp-content\/uploads\/2024\/02\/RS255_Manometer-hus-scr_.webp 800w, https:\/\/bpi.be-ge.se\/wp-content\/uploads\/2024\/02\/RS255_Manometer-hus-scr_-300x300.webp 300w, https:\/\/bpi.be-ge.se\/wp-content\/uploads\/2024\/02\/RS255_Manometer-hus-scr_-150x150.webp 150w, https:\/\/bpi.be-ge.se\/wp-content\/uploads\/2024\/02\/RS255_Manometer-hus-scr_-768x768.webp 768w, https:\/\/bpi.be-ge.se\/wp-content\/uploads\/2024\/02\/RS255_Manometer-hus-scr_-12x12.webp 12w\" sizes=\"(max-width: 800px) 100vw, 800px\" \/>\t\t\t\t\t\t\t\t\t\t\t\t\t\t\t<\/div>\n\t\t\t\t<\/div>\n\t\t\t\t\t<\/div>\n\t\t<\/div>\n\t\t\t\t<div class=\"elementor-column elementor-col-33 elementor-inner-column elementor-element elementor-element-36c47478\" data-id=\"36c47478\" data-element_type=\"column\" data-e-type=\"column\" data-settings=\"{&quot;background_background&quot;:&quot;classic&quot;}\">\n\t\t\t<div class=\"elementor-widget-wrap elementor-element-populated\">\n\t\t\t\t\t\t<div class=\"elementor-element elementor-element-6618c9c1 elementor-widget elementor-widget-image\" data-id=\"6618c9c1\" data-element_type=\"widget\" data-e-type=\"widget\" data-widget_type=\"image.default\">\n\t\t\t\t<div class=\"elementor-widget-container\">\n\t\t\t\t\t\t\t\t\t\t\t\t\t\t\t<img decoding=\"async\" width=\"800\" height=\"800\" src=\"https:\/\/bpi.be-ge.se\/wp-content\/uploads\/2024\/02\/RS258_Fot-scr_.webp\" class=\"attachment-large size-large wp-image-14746\" alt=\"\" srcset=\"https:\/\/bpi.be-ge.se\/wp-content\/uploads\/2024\/02\/RS258_Fot-scr_.webp 800w, https:\/\/bpi.be-ge.se\/wp-content\/uploads\/2024\/02\/RS258_Fot-scr_-300x300.webp 300w, https:\/\/bpi.be-ge.se\/wp-content\/uploads\/2024\/02\/RS258_Fot-scr_-150x150.webp 150w, https:\/\/bpi.be-ge.se\/wp-content\/uploads\/2024\/02\/RS258_Fot-scr_-768x768.webp 768w, https:\/\/bpi.be-ge.se\/wp-content\/uploads\/2024\/02\/RS258_Fot-scr_-12x12.webp 12w\" sizes=\"(max-width: 800px) 100vw, 800px\" \/>\t\t\t\t\t\t\t\t\t\t\t\t\t\t\t<\/div>\n\t\t\t\t<\/div>\n\t\t\t\t\t<\/div>\n\t\t<\/div>\n\t\t\t\t<div class=\"elementor-column elementor-col-33 elementor-inner-column elementor-element elementor-element-605f8608\" data-id=\"605f8608\" data-element_type=\"column\" data-e-type=\"column\" data-settings=\"{&quot;background_background&quot;:&quot;classic&quot;}\">\n\t\t\t<div class=\"elementor-widget-wrap elementor-element-populated\">\n\t\t\t\t\t\t<div class=\"elementor-element elementor-element-780e25af elementor-widget elementor-widget-image\" data-id=\"780e25af\" data-element_type=\"widget\" data-e-type=\"widget\" data-widget_type=\"image.default\">\n\t\t\t\t<div class=\"elementor-widget-container\">\n\t\t\t\t\t\t\t\t\t\t\t\t\t\t\t<img decoding=\"async\" width=\"800\" height=\"800\" src=\"https:\/\/bpi.be-ge.se\/wp-content\/uploads\/2024\/02\/RS256_Ring-scr_.webp\" class=\"attachment-large size-large wp-image-14747\" alt=\"\" srcset=\"https:\/\/bpi.be-ge.se\/wp-content\/uploads\/2024\/02\/RS256_Ring-scr_.webp 800w, https:\/\/bpi.be-ge.se\/wp-content\/uploads\/2024\/02\/RS256_Ring-scr_-300x300.webp 300w, https:\/\/bpi.be-ge.se\/wp-content\/uploads\/2024\/02\/RS256_Ring-scr_-150x150.webp 150w, https:\/\/bpi.be-ge.se\/wp-content\/uploads\/2024\/02\/RS256_Ring-scr_-768x768.webp 768w, https:\/\/bpi.be-ge.se\/wp-content\/uploads\/2024\/02\/RS256_Ring-scr_-12x12.webp 12w\" sizes=\"(max-width: 800px) 100vw, 800px\" \/>\t\t\t\t\t\t\t\t\t\t\t\t\t\t\t<\/div>\n\t\t\t\t<\/div>\n\t\t\t\t\t<\/div>\n\t\t<\/div>\n\t\t\t\t\t<\/div>\n\t\t<\/section>\n\t\t\t\t\t<\/div>\n\t\t<\/div>\n\t\t\t\t\t<\/div>\n\t\t<\/section>\n\t\t\t\t<section class=\"elementor-section elementor-top-section elementor-element elementor-element-ad46479 elementor-section-boxed elementor-section-height-default elementor-section-height-default\" data-id=\"ad46479\" data-element_type=\"section\" data-e-type=\"section\" data-settings=\"{&quot;background_background&quot;:&quot;classic&quot;}\">\n\t\t\t\t\t\t<div class=\"elementor-container elementor-column-gap-default\">\n\t\t\t\t\t<div class=\"elementor-column elementor-col-100 elementor-top-column elementor-element elementor-element-486cd43\" data-id=\"486cd43\" data-element_type=\"column\" data-e-type=\"column\">\n\t\t\t<div class=\"elementor-widget-wrap elementor-element-populated\">\n\t\t\t\t\t\t<div class=\"elementor-element elementor-element-b4f1513 elementor-widget elementor-widget-heading\" data-id=\"b4f1513\" data-element_type=\"widget\" data-e-type=\"widget\" data-widget_type=\"heading.default\">\n\t\t\t\t<div class=\"elementor-widget-container\">\n\t\t\t\t\t<h2 class=\"elementor-heading-title elementor-size-large\">Product solutions\n\n<\/h2>\t\t\t\t<\/div>\n\t\t\t\t<\/div>\n\t\t\t\t<div class=\"elementor-element elementor-element-fa1bcb5 elementor-widget elementor-widget-text-editor\" data-id=\"fa1bcb5\" data-element_type=\"widget\" data-e-type=\"widget\" data-widget_type=\"text-editor.default\">\n\t\t\t\t<div class=\"elementor-widget-container\">\n\t\t\t\t\t\t\t\t\t<p>We have dedicated employees with long experience and broad expertise and efficient and mordern machinery. Together, this makes it possible to tailor the optimal product solutions to our customers needs.<\/p>\t\t\t\t\t\t\t\t<\/div>\n\t\t\t\t<\/div>\n\t\t\t\t\t<\/div>\n\t\t<\/div>\n\t\t\t\t\t<\/div>\n\t\t<\/section>\n\t\t\t\t<section class=\"elementor-section elementor-top-section elementor-element elementor-element-5a69759 elementor-section-boxed elementor-section-height-default elementor-section-height-default\" data-id=\"5a69759\" data-element_type=\"section\" data-e-type=\"section\" data-settings=\"{&quot;background_background&quot;:&quot;classic&quot;}\">\n\t\t\t\t\t\t<div class=\"elementor-container elementor-column-gap-default\">\n\t\t\t\t\t<div class=\"elementor-column elementor-col-50 elementor-top-column elementor-element elementor-element-168c345\" data-id=\"168c345\" data-element_type=\"column\" data-e-type=\"column\">\n\t\t\t<div class=\"elementor-widget-wrap elementor-element-populated\">\n\t\t\t\t\t\t<div class=\"elementor-element elementor-element-bfef950 elementor-widget elementor-widget-image\" data-id=\"bfef950\" data-element_type=\"widget\" data-e-type=\"widget\" data-widget_type=\"image.default\">\n\t\t\t\t<div class=\"elementor-widget-container\">\n\t\t\t\t\t\t\t\t\t\t\t\t\t\t\t<img loading=\"lazy\" decoding=\"async\" width=\"800\" height=\"534\" src=\"https:\/\/bpi.be-ge.se\/wp-content\/uploads\/2024\/02\/DSC_0357c_.webp\" class=\"attachment-large size-large wp-image-14749\" alt=\"\" srcset=\"https:\/\/bpi.be-ge.se\/wp-content\/uploads\/2024\/02\/DSC_0357c_.webp 1000w, https:\/\/bpi.be-ge.se\/wp-content\/uploads\/2024\/02\/DSC_0357c_-300x200.webp 300w, https:\/\/bpi.be-ge.se\/wp-content\/uploads\/2024\/02\/DSC_0357c_-768x512.webp 768w, https:\/\/bpi.be-ge.se\/wp-content\/uploads\/2024\/02\/DSC_0357c_-18x12.webp 18w\" sizes=\"(max-width: 800px) 100vw, 800px\" \/>\t\t\t\t\t\t\t\t\t\t\t\t\t\t\t<\/div>\n\t\t\t\t<\/div>\n\t\t\t\t\t<\/div>\n\t\t<\/div>\n\t\t\t\t<div class=\"elementor-column elementor-col-50 elementor-top-column elementor-element elementor-element-a2dd2c1\" data-id=\"a2dd2c1\" data-element_type=\"column\" data-e-type=\"column\">\n\t\t\t<div class=\"elementor-widget-wrap elementor-element-populated\">\n\t\t\t\t\t\t<div class=\"elementor-element elementor-element-b1d436a elementor-widget elementor-widget-image\" data-id=\"b1d436a\" data-element_type=\"widget\" data-e-type=\"widget\" data-widget_type=\"image.default\">\n\t\t\t\t<div class=\"elementor-widget-container\">\n\t\t\t\t\t\t\t\t\t\t\t\t\t\t\t<img loading=\"lazy\" decoding=\"async\" width=\"800\" height=\"534\" src=\"https:\/\/bpi.be-ge.se\/wp-content\/uploads\/2024\/02\/DSC_0343c-1-1024x683.webp\" class=\"attachment-large size-large wp-image-14750\" alt=\"\" srcset=\"https:\/\/bpi.be-ge.se\/wp-content\/uploads\/2024\/02\/DSC_0343c-1-1024x683.webp 1024w, https:\/\/bpi.be-ge.se\/wp-content\/uploads\/2024\/02\/DSC_0343c-1-300x200.webp 300w, https:\/\/bpi.be-ge.se\/wp-content\/uploads\/2024\/02\/DSC_0343c-1-768x512.webp 768w, https:\/\/bpi.be-ge.se\/wp-content\/uploads\/2024\/02\/DSC_0343c-1-18x12.webp 18w, https:\/\/bpi.be-ge.se\/wp-content\/uploads\/2024\/02\/DSC_0343c-1.webp 1500w\" sizes=\"(max-width: 800px) 100vw, 800px\" \/>\t\t\t\t\t\t\t\t\t\t\t\t\t\t\t<\/div>\n\t\t\t\t<\/div>\n\t\t\t\t\t<\/div>\n\t\t<\/div>\n\t\t\t\t\t<\/div>\n\t\t<\/section>\n\t\t\t\t<\/div>","protected":false},"excerpt":{"rendered":"<p>Tillverkning Hos Be-Ge Pl\u00e5tindustri AB best\u00e5r v\u00e5r tillverkning och produktion av en mycket modern \u00e4mnesavdel\u00adning d\u00e4r komponenter sk\u00e4rs ut med laser eller stansas fram. Vi bearbetar: \u2013 Olegerad pl\u00e5t fr\u00e5n 0,5 till 20 mm \u2013 Rostfri och syrafast pl\u00e5t fr\u00e5n 0,5 till 15 mm \u2013 Aluminium fr\u00e5n 0,5 till 8 mm \u2013 Koppar och kopparlegeringar [&hellip;]<\/p>\n","protected":false},"author":1,"featured_media":0,"parent":0,"menu_order":0,"comment_status":"closed","ping_status":"closed","template":"","meta":{"_acf_changed":false,"footnotes":""},"class_list":["post-11764","page","type-page","status-publish","hentry"],"acf":[],"_links":{"self":[{"href":"https:\/\/bpi.be-ge.se\/en\/wp-json\/wp\/v2\/pages\/11764","targetHints":{"allow":["GET"]}}],"collection":[{"href":"https:\/\/bpi.be-ge.se\/en\/wp-json\/wp\/v2\/pages"}],"about":[{"href":"https:\/\/bpi.be-ge.se\/en\/wp-json\/wp\/v2\/types\/page"}],"author":[{"embeddable":true,"href":"https:\/\/bpi.be-ge.se\/en\/wp-json\/wp\/v2\/users\/1"}],"replies":[{"embeddable":true,"href":"https:\/\/bpi.be-ge.se\/en\/wp-json\/wp\/v2\/comments?post=11764"}],"version-history":[{"count":6,"href":"https:\/\/bpi.be-ge.se\/en\/wp-json\/wp\/v2\/pages\/11764\/revisions"}],"predecessor-version":[{"id":15622,"href":"https:\/\/bpi.be-ge.se\/en\/wp-json\/wp\/v2\/pages\/11764\/revisions\/15622"}],"wp:attachment":[{"href":"https:\/\/bpi.be-ge.se\/en\/wp-json\/wp\/v2\/media?parent=11764"}],"curies":[{"name":"wp","href":"https:\/\/api.w.org\/{rel}","templated":true}]}}