{"id":11772,"date":"2022-04-01T11:49:57","date_gmt":"2022-04-01T09:49:57","guid":{"rendered":"https:\/\/bpi.be-ge.se\/?page_id=11772"},"modified":"2026-01-15T11:53:55","modified_gmt":"2026-01-15T10:53:55","slug":"valsning-och-rullformning","status":"publish","type":"page","link":"https:\/\/bpi.be-ge.se\/en\/valsning-och-rullformning\/","title":{"rendered":"Rolling and roll forming"},"content":{"rendered":"<div data-elementor-type=\"wp-page\" data-elementor-id=\"11772\" class=\"elementor elementor-11772\" data-elementor-post-type=\"page\">\n\t\t\t\t\t\t<section class=\"elementor-section elementor-top-section elementor-element elementor-element-11a54989 elementor-section-boxed elementor-section-height-default elementor-section-height-default\" data-id=\"11a54989\" data-element_type=\"section\" data-e-type=\"section\">\n\t\t\t\t\t\t<div class=\"elementor-container elementor-column-gap-default\">\n\t\t\t\t\t<div class=\"elementor-column elementor-col-50 elementor-top-column elementor-element elementor-element-741ebb92\" data-id=\"741ebb92\" data-element_type=\"column\" data-e-type=\"column\">\n\t\t\t<div class=\"elementor-widget-wrap elementor-element-populated\">\n\t\t\t\t\t\t<div class=\"elementor-element elementor-element-4606ba25 elementor-widget elementor-widget-heading\" data-id=\"4606ba25\" data-element_type=\"widget\" data-e-type=\"widget\" data-widget_type=\"heading.default\">\n\t\t\t\t<div class=\"elementor-widget-container\">\n\t\t\t\t\t<h1 class=\"elementor-heading-title elementor-size-large\">Rolling and roll forming<\/h1>\t\t\t\t<\/div>\n\t\t\t\t<\/div>\n\t\t\t\t\t<\/div>\n\t\t<\/div>\n\t\t\t\t<div class=\"elementor-column elementor-col-50 elementor-top-column elementor-element elementor-element-6e9aaae2\" data-id=\"6e9aaae2\" data-element_type=\"column\" data-e-type=\"column\">\n\t\t\t<div class=\"elementor-widget-wrap elementor-element-populated\">\n\t\t\t\t\t\t<div class=\"elementor-element elementor-element-5c2e7db elementor-widget elementor-widget-text-editor\" data-id=\"5c2e7db\" data-element_type=\"widget\" data-e-type=\"widget\" data-widget_type=\"text-editor.default\">\n\t\t\t\t<div class=\"elementor-widget-container\">\n\t\t\t\t\t\t\t\t\t<p>Be-Ge Pl\u00e5tindustri AB use Rolling and Roll-forming in the manufacturing of cones and mantles.<\/p>\t\t\t\t\t\t\t\t<\/div>\n\t\t\t\t<\/div>\n\t\t\t\t\t<\/div>\n\t\t<\/div>\n\t\t\t\t\t<\/div>\n\t\t<\/section>\n\t\t\t\t<section class=\"elementor-section elementor-top-section elementor-element elementor-element-179c65bf elementor-section-full_width elementor-section-height-min-height elementor-section-height-default elementor-section-items-middle\" data-id=\"179c65bf\" data-element_type=\"section\" data-e-type=\"section\" data-settings=\"{&quot;background_background&quot;:&quot;classic&quot;}\">\n\t\t\t\t\t\t\t<div class=\"elementor-background-overlay\"><\/div>\n\t\t\t\t\t\t\t<div class=\"elementor-container elementor-column-gap-default\">\n\t\t\t\t\t<div class=\"elementor-column elementor-col-100 elementor-top-column elementor-element elementor-element-46cc055d\" data-id=\"46cc055d\" data-element_type=\"column\" data-e-type=\"column\">\n\t\t\t<div class=\"elementor-widget-wrap\">\n\t\t\t\t\t\t\t<\/div>\n\t\t<\/div>\n\t\t\t\t\t<\/div>\n\t\t<\/section>\n\t\t\t\t<section class=\"elementor-section elementor-top-section elementor-element elementor-element-19862807 elementor-section-boxed elementor-section-height-default elementor-section-height-default\" data-id=\"19862807\" data-element_type=\"section\" data-e-type=\"section\">\n\t\t\t\t\t\t<div class=\"elementor-container elementor-column-gap-default\">\n\t\t\t\t\t<div class=\"elementor-column elementor-col-100 elementor-top-column elementor-element elementor-element-7ed19278\" data-id=\"7ed19278\" data-element_type=\"column\" data-e-type=\"column\">\n\t\t\t<div class=\"elementor-widget-wrap elementor-element-populated\">\n\t\t\t\t\t\t<div class=\"elementor-element elementor-element-5326332 elementor-widget elementor-widget-heading\" data-id=\"5326332\" data-element_type=\"widget\" data-e-type=\"widget\" data-widget_type=\"heading.default\">\n\t\t\t\t<div class=\"elementor-widget-container\">\n\t\t\t\t\t<h2 class=\"elementor-heading-title elementor-size-large\">Cone and mantle production<\/h2>\t\t\t\t<\/div>\n\t\t\t\t<\/div>\n\t\t\t\t<div class=\"elementor-element elementor-element-3fa384c0 elementor-widget elementor-widget-text-editor\" data-id=\"3fa384c0\" data-element_type=\"widget\" data-e-type=\"widget\" data-widget_type=\"text-editor.default\">\n\t\t\t\t<div class=\"elementor-widget-container\">\n\t\t\t\t\t\t\t\t\t<p>The cone and mantle production is a process that we are relatively alone about, which produced cones and mantles, primarily in stainless and acid-resistant materials.<\/p>\t\t\t\t\t\t\t\t<\/div>\n\t\t\t\t<\/div>\n\t\t\t\t\t<\/div>\n\t\t<\/div>\n\t\t\t\t\t<\/div>\n\t\t<\/section>\n\t\t\t\t<section class=\"elementor-section elementor-top-section elementor-element elementor-element-910ee06 elementor-section-boxed elementor-section-height-default elementor-section-height-default\" data-id=\"910ee06\" data-element_type=\"section\" data-e-type=\"section\">\n\t\t\t\t\t\t<div class=\"elementor-container elementor-column-gap-default\">\n\t\t\t\t\t<div class=\"elementor-column elementor-col-100 elementor-top-column elementor-element elementor-element-f65f200\" data-id=\"f65f200\" data-element_type=\"column\" data-e-type=\"column\">\n\t\t\t<div class=\"elementor-widget-wrap elementor-element-populated\">\n\t\t\t\t\t\t<section class=\"elementor-section elementor-inner-section elementor-element elementor-element-431e444 elementor-section-boxed elementor-section-height-default elementor-section-height-default\" data-id=\"431e444\" data-element_type=\"section\" data-e-type=\"section\">\n\t\t\t\t\t\t<div class=\"elementor-container elementor-column-gap-wider\">\n\t\t\t\t\t<div class=\"elementor-column elementor-col-50 elementor-inner-column elementor-element elementor-element-1c10655\" data-id=\"1c10655\" data-element_type=\"column\" data-e-type=\"column\" data-settings=\"{&quot;background_background&quot;:&quot;classic&quot;}\">\n\t\t\t<div class=\"elementor-widget-wrap elementor-element-populated\">\n\t\t\t\t\t\t<div class=\"elementor-element elementor-element-0dec48a elementor-widget elementor-widget-image\" data-id=\"0dec48a\" data-element_type=\"widget\" data-e-type=\"widget\" data-widget_type=\"image.default\">\n\t\t\t\t<div class=\"elementor-widget-container\">\n\t\t\t\t\t\t\t\t\t\t\t\t\t\t\t<img fetchpriority=\"high\" decoding=\"async\" width=\"2560\" height=\"1707\" src=\"https:\/\/bpi.be-ge.se\/wp-content\/uploads\/2024\/02\/DSC_0203_-scaled-1.webp\" class=\"attachment-full size-full wp-image-14767\" alt=\"\" srcset=\"https:\/\/bpi.be-ge.se\/wp-content\/uploads\/2024\/02\/DSC_0203_-scaled-1.webp 2560w, https:\/\/bpi.be-ge.se\/wp-content\/uploads\/2024\/02\/DSC_0203_-scaled-1-300x200.webp 300w, https:\/\/bpi.be-ge.se\/wp-content\/uploads\/2024\/02\/DSC_0203_-scaled-1-1024x683.webp 1024w, https:\/\/bpi.be-ge.se\/wp-content\/uploads\/2024\/02\/DSC_0203_-scaled-1-768x512.webp 768w, https:\/\/bpi.be-ge.se\/wp-content\/uploads\/2024\/02\/DSC_0203_-scaled-1-1536x1024.webp 1536w, https:\/\/bpi.be-ge.se\/wp-content\/uploads\/2024\/02\/DSC_0203_-scaled-1-2048x1366.webp 2048w, https:\/\/bpi.be-ge.se\/wp-content\/uploads\/2024\/02\/DSC_0203_-scaled-1-18x12.webp 18w\" sizes=\"(max-width: 2560px) 100vw, 2560px\" \/>\t\t\t\t\t\t\t\t\t\t\t\t\t\t\t<\/div>\n\t\t\t\t<\/div>\n\t\t\t\t\t<\/div>\n\t\t<\/div>\n\t\t\t\t<div class=\"elementor-column elementor-col-50 elementor-inner-column elementor-element elementor-element-905fb30\" data-id=\"905fb30\" data-element_type=\"column\" data-e-type=\"column\" data-settings=\"{&quot;background_background&quot;:&quot;classic&quot;}\">\n\t\t\t<div class=\"elementor-widget-wrap elementor-element-populated\">\n\t\t\t\t\t\t<div class=\"elementor-element elementor-element-72a5c5d elementor-widget elementor-widget-image\" data-id=\"72a5c5d\" data-element_type=\"widget\" data-e-type=\"widget\" data-widget_type=\"image.default\">\n\t\t\t\t<div class=\"elementor-widget-container\">\n\t\t\t\t\t\t\t\t\t\t\t\t\t\t\t<img decoding=\"async\" width=\"800\" height=\"534\" src=\"https:\/\/bpi.be-ge.se\/wp-content\/uploads\/2026\/01\/Fotograf-Cornelia-Hoglind-2025_Be-Ge-plat57-kopiera-1024x683.webp\" class=\"attachment-large size-large wp-image-15633\" alt=\"\" srcset=\"https:\/\/bpi.be-ge.se\/wp-content\/uploads\/2026\/01\/Fotograf-Cornelia-Hoglind-2025_Be-Ge-plat57-kopiera-1024x683.webp 1024w, https:\/\/bpi.be-ge.se\/wp-content\/uploads\/2026\/01\/Fotograf-Cornelia-Hoglind-2025_Be-Ge-plat57-kopiera-300x200.webp 300w, https:\/\/bpi.be-ge.se\/wp-content\/uploads\/2026\/01\/Fotograf-Cornelia-Hoglind-2025_Be-Ge-plat57-kopiera-768x512.webp 768w, https:\/\/bpi.be-ge.se\/wp-content\/uploads\/2026\/01\/Fotograf-Cornelia-Hoglind-2025_Be-Ge-plat57-kopiera-18x12.webp 18w, https:\/\/bpi.be-ge.se\/wp-content\/uploads\/2026\/01\/Fotograf-Cornelia-Hoglind-2025_Be-Ge-plat57-kopiera.webp 1500w\" sizes=\"(max-width: 800px) 100vw, 800px\" \/>\t\t\t\t\t\t\t\t\t\t\t\t\t\t\t<\/div>\n\t\t\t\t<\/div>\n\t\t\t\t\t<\/div>\n\t\t<\/div>\n\t\t\t\t\t<\/div>\n\t\t<\/section>\n\t\t\t\t\t<\/div>\n\t\t<\/div>\n\t\t\t\t\t<\/div>\n\t\t<\/section>\n\t\t\t\t<section class=\"elementor-section elementor-top-section elementor-element elementor-element-b378660 elementor-section-boxed elementor-section-height-default elementor-section-height-default\" data-id=\"b378660\" data-element_type=\"section\" data-e-type=\"section\" data-settings=\"{&quot;background_background&quot;:&quot;classic&quot;}\">\n\t\t\t\t\t\t<div class=\"elementor-container elementor-column-gap-default\">\n\t\t\t\t\t<div class=\"elementor-column elementor-col-100 elementor-top-column elementor-element elementor-element-b0ed40e\" data-id=\"b0ed40e\" data-element_type=\"column\" data-e-type=\"column\">\n\t\t\t<div class=\"elementor-widget-wrap elementor-element-populated\">\n\t\t\t\t\t\t<div class=\"elementor-element elementor-element-ea73160 elementor-widget elementor-widget-heading\" data-id=\"ea73160\" data-element_type=\"widget\" data-e-type=\"widget\" data-widget_type=\"heading.default\">\n\t\t\t\t<div class=\"elementor-widget-container\">\n\t\t\t\t\t<h2 class=\"elementor-heading-title elementor-size-default\">Form the mantles<\/h2>\t\t\t\t<\/div>\n\t\t\t\t<\/div>\n\t\t\t\t<div class=\"elementor-element elementor-element-dea0157 elementor-widget elementor-widget-text-editor\" data-id=\"dea0157\" data-element_type=\"widget\" data-e-type=\"widget\" data-widget_type=\"text-editor.default\">\n\t\t\t\t<div class=\"elementor-widget-container\">\n\t\t\t\t\t\t\t\t\t<p>Be-Ge Pl\u00e5tindustri AB manufactures slugs which are then TIG welded without welding oxide. We also offer the opportunity to shape the shells.<\/p>\t\t\t\t\t\t\t\t<\/div>\n\t\t\t\t<\/div>\n\t\t\t\t\t<\/div>\n\t\t<\/div>\n\t\t\t\t\t<\/div>\n\t\t<\/section>\n\t\t\t\t<section class=\"elementor-section elementor-top-section elementor-element elementor-element-c228fe4 elementor-section-boxed elementor-section-height-default elementor-section-height-default\" data-id=\"c228fe4\" data-element_type=\"section\" data-e-type=\"section\">\n\t\t\t\t\t\t<div class=\"elementor-container elementor-column-gap-default\">\n\t\t\t\t\t<div class=\"elementor-column elementor-col-100 elementor-top-column elementor-element elementor-element-dfe82fb\" data-id=\"dfe82fb\" data-element_type=\"column\" data-e-type=\"column\">\n\t\t\t<div class=\"elementor-widget-wrap elementor-element-populated\">\n\t\t\t\t\t\t<div class=\"elementor-element elementor-element-b0db9eb elementor-widget elementor-widget-video\" data-id=\"b0db9eb\" data-element_type=\"widget\" data-e-type=\"widget\" data-settings=\"{&quot;youtube_url&quot;:&quot;https:\\\/\\\/youtu.be\\\/ovK6Q5uDNhU&quot;,&quot;loop&quot;:&quot;yes&quot;,&quot;lazy_load&quot;:&quot;yes&quot;,&quot;video_type&quot;:&quot;youtube&quot;}\" data-widget_type=\"video.default\">\n\t\t\t\t<div class=\"elementor-widget-container\">\n\t\t\t\t\t\t\t<div class=\"elementor-wrapper elementor-open-inline\">\n\t\t\t<div class=\"elementor-video\"><\/div>\t\t<\/div>\n\t\t\t\t\t\t<\/div>\n\t\t\t\t<\/div>\n\t\t\t\t\t<\/div>\n\t\t<\/div>\n\t\t\t\t\t<\/div>\n\t\t<\/section>\n\t\t\t\t<section class=\"elementor-section elementor-top-section elementor-element elementor-element-82cf79c elementor-section-boxed elementor-section-height-default elementor-section-height-default\" data-id=\"82cf79c\" data-element_type=\"section\" data-e-type=\"section\">\n\t\t\t\t\t\t<div class=\"elementor-container elementor-column-gap-default\">\n\t\t\t\t\t<div class=\"elementor-column elementor-col-100 elementor-top-column elementor-element elementor-element-d8de651\" data-id=\"d8de651\" data-element_type=\"column\" data-e-type=\"column\">\n\t\t\t<div class=\"elementor-widget-wrap\">\n\t\t\t\t\t\t\t<\/div>\n\t\t<\/div>\n\t\t\t\t\t<\/div>\n\t\t<\/section>\n\t\t\t\t<\/div>","protected":false},"excerpt":{"rendered":"<p>Valsning och rullformning Be-Ge Pl\u00e5tindustri AB anv\u00e4nder sig av valsning och rullformning i tillverkning av koner och mantlar. Kon och mantel tillverkning Kon och manteltillverkningen \u00e4r en process som vi relativt ensamma om, d\u00e4r tillverkas koner och mantlar i framf\u00f6r allt rostfritt och syrafast material. Forma mantlarna Be-Ge Pl\u00e5tindustri AB tillverkar mantlarna som sedan tigsvetsas [&hellip;]<\/p>\n","protected":false},"author":1,"featured_media":0,"parent":0,"menu_order":0,"comment_status":"closed","ping_status":"closed","template":"","meta":{"_acf_changed":false,"footnotes":""},"class_list":["post-11772","page","type-page","status-publish","hentry"],"acf":[],"_links":{"self":[{"href":"https:\/\/bpi.be-ge.se\/en\/wp-json\/wp\/v2\/pages\/11772","targetHints":{"allow":["GET"]}}],"collection":[{"href":"https:\/\/bpi.be-ge.se\/en\/wp-json\/wp\/v2\/pages"}],"about":[{"href":"https:\/\/bpi.be-ge.se\/en\/wp-json\/wp\/v2\/types\/page"}],"author":[{"embeddable":true,"href":"https:\/\/bpi.be-ge.se\/en\/wp-json\/wp\/v2\/users\/1"}],"replies":[{"embeddable":true,"href":"https:\/\/bpi.be-ge.se\/en\/wp-json\/wp\/v2\/comments?post=11772"}],"version-history":[{"count":3,"href":"https:\/\/bpi.be-ge.se\/en\/wp-json\/wp\/v2\/pages\/11772\/revisions"}],"predecessor-version":[{"id":15636,"href":"https:\/\/bpi.be-ge.se\/en\/wp-json\/wp\/v2\/pages\/11772\/revisions\/15636"}],"wp:attachment":[{"href":"https:\/\/bpi.be-ge.se\/en\/wp-json\/wp\/v2\/media?parent=11772"}],"curies":[{"name":"wp","href":"https:\/\/api.w.org\/{rel}","templated":true}]}}