{"id":11774,"date":"2022-04-01T11:50:24","date_gmt":"2022-04-01T09:50:24","guid":{"rendered":"https:\/\/bpi.be-ge.se\/?page_id=11774"},"modified":"2026-01-15T13:14:49","modified_gmt":"2026-01-15T12:14:49","slug":"robotsvetsning","status":"publish","type":"page","link":"https:\/\/bpi.be-ge.se\/en\/robotsvetsning\/","title":{"rendered":"Robot welding cells <br><br>"},"content":{"rendered":"<div data-elementor-type=\"wp-page\" data-elementor-id=\"11774\" class=\"elementor elementor-11774\" data-elementor-post-type=\"page\">\n\t\t\t\t\t\t<section class=\"elementor-section elementor-top-section elementor-element elementor-element-528531e2 elementor-section-boxed elementor-section-height-default elementor-section-height-default\" data-id=\"528531e2\" data-element_type=\"section\" data-e-type=\"section\">\n\t\t\t\t\t\t<div class=\"elementor-container elementor-column-gap-default\">\n\t\t\t\t\t<div class=\"elementor-column elementor-col-50 elementor-top-column elementor-element elementor-element-326ec6d1\" data-id=\"326ec6d1\" data-element_type=\"column\" data-e-type=\"column\">\n\t\t\t<div class=\"elementor-widget-wrap elementor-element-populated\">\n\t\t\t\t\t\t<div class=\"elementor-element elementor-element-258688 elementor-widget elementor-widget-heading\" data-id=\"258688\" data-element_type=\"widget\" data-e-type=\"widget\" data-widget_type=\"heading.default\">\n\t\t\t\t<div class=\"elementor-widget-container\">\n\t\t\t\t\t<h1 class=\"elementor-heading-title elementor-size-large\">Robot welding cells <br><br><\/h1>\t\t\t\t<\/div>\n\t\t\t\t<\/div>\n\t\t\t\t\t<\/div>\n\t\t<\/div>\n\t\t\t\t<div class=\"elementor-column elementor-col-50 elementor-top-column elementor-element elementor-element-2520c5f1\" data-id=\"2520c5f1\" data-element_type=\"column\" data-e-type=\"column\">\n\t\t\t<div class=\"elementor-widget-wrap elementor-element-populated\">\n\t\t\t\t\t\t<div class=\"elementor-element elementor-element-53ce153e elementor-widget elementor-widget-text-editor\" data-id=\"53ce153e\" data-element_type=\"widget\" data-e-type=\"widget\" data-widget_type=\"text-editor.default\">\n\t\t\t\t<div class=\"elementor-widget-container\">\n\t\t\t\t\t\t\t\t\t<p>Be-Ge Pl\u00e5tindustri AB performs robot welding where we have eight robot welding cells that allow welding two meters long details.<\/p>\t\t\t\t\t\t\t\t<\/div>\n\t\t\t\t<\/div>\n\t\t\t\t\t<\/div>\n\t\t<\/div>\n\t\t\t\t\t<\/div>\n\t\t<\/section>\n\t\t\t\t<section class=\"elementor-section elementor-top-section elementor-element elementor-element-61218476 elementor-section-full_width elementor-section-height-min-height elementor-section-height-default elementor-section-items-middle\" data-id=\"61218476\" data-element_type=\"section\" data-e-type=\"section\" data-settings=\"{&quot;background_background&quot;:&quot;classic&quot;}\">\n\t\t\t\t\t\t\t<div class=\"elementor-background-overlay\"><\/div>\n\t\t\t\t\t\t\t<div class=\"elementor-container elementor-column-gap-default\">\n\t\t\t\t\t<div class=\"elementor-column elementor-col-100 elementor-top-column elementor-element elementor-element-28d849e9\" data-id=\"28d849e9\" data-element_type=\"column\" data-e-type=\"column\">\n\t\t\t<div class=\"elementor-widget-wrap\">\n\t\t\t\t\t\t\t<\/div>\n\t\t<\/div>\n\t\t\t\t\t<\/div>\n\t\t<\/section>\n\t\t\t\t<section class=\"elementor-section elementor-top-section elementor-element elementor-element-6da1994c elementor-section-boxed elementor-section-height-default elementor-section-height-default\" data-id=\"6da1994c\" data-element_type=\"section\" data-e-type=\"section\">\n\t\t\t\t\t\t<div class=\"elementor-container elementor-column-gap-default\">\n\t\t\t\t\t<div class=\"elementor-column elementor-col-100 elementor-top-column elementor-element elementor-element-6033d563\" data-id=\"6033d563\" data-element_type=\"column\" data-e-type=\"column\">\n\t\t\t<div class=\"elementor-widget-wrap elementor-element-populated\">\n\t\t\t\t\t\t<div class=\"elementor-element elementor-element-1cdd9801 elementor-widget elementor-widget-heading\" data-id=\"1cdd9801\" data-element_type=\"widget\" data-e-type=\"widget\" data-widget_type=\"heading.default\">\n\t\t\t\t<div class=\"elementor-widget-container\">\n\t\t\t\t\t<h2 class=\"elementor-heading-title elementor-size-large\">Welding robots<\/h2>\t\t\t\t<\/div>\n\t\t\t\t<\/div>\n\t\t\t\t<div class=\"elementor-element elementor-element-706255cf elementor-widget elementor-widget-text-editor\" data-id=\"706255cf\" data-element_type=\"widget\" data-e-type=\"widget\" data-widget_type=\"text-editor.default\">\n\t\t\t\t<div class=\"elementor-widget-container\">\n\t\t\t\t\t\t\t\t\t<p>We have eight welding robots. These are equipped with Fronius CMT works which gives a fantastic welding result.<\/p>\t\t\t\t\t\t\t\t<\/div>\n\t\t\t\t<\/div>\n\t\t\t\t<section class=\"elementor-section elementor-inner-section elementor-element elementor-element-42f20212 elementor-section-boxed elementor-section-height-default elementor-section-height-default\" data-id=\"42f20212\" data-element_type=\"section\" data-e-type=\"section\">\n\t\t\t\t\t\t<div class=\"elementor-container elementor-column-gap-wider\">\n\t\t\t\t\t<div class=\"elementor-column elementor-col-50 elementor-inner-column elementor-element elementor-element-4dc9204e\" data-id=\"4dc9204e\" data-element_type=\"column\" data-e-type=\"column\" data-settings=\"{&quot;background_background&quot;:&quot;classic&quot;}\">\n\t\t\t<div class=\"elementor-widget-wrap elementor-element-populated\">\n\t\t\t\t\t\t<div class=\"elementor-element elementor-element-4735df6f elementor-widget elementor-widget-image\" data-id=\"4735df6f\" data-element_type=\"widget\" data-e-type=\"widget\" data-widget_type=\"image.default\">\n\t\t\t\t<div class=\"elementor-widget-container\">\n\t\t\t\t\t\t\t\t\t\t\t\t\t\t\t<img fetchpriority=\"high\" decoding=\"async\" width=\"683\" height=\"1024\" src=\"https:\/\/bpi.be-ge.se\/wp-content\/uploads\/2024\/02\/DSC_0271_-683x1024.webp\" class=\"attachment-large size-large wp-image-14740\" alt=\"Robotic welding, robotsvetning\" srcset=\"https:\/\/bpi.be-ge.se\/wp-content\/uploads\/2024\/02\/DSC_0271_-683x1024.webp 683w, https:\/\/bpi.be-ge.se\/wp-content\/uploads\/2024\/02\/DSC_0271_-200x300.webp 200w, https:\/\/bpi.be-ge.se\/wp-content\/uploads\/2024\/02\/DSC_0271_-768x1152.webp 768w, https:\/\/bpi.be-ge.se\/wp-content\/uploads\/2024\/02\/DSC_0271_-8x12.webp 8w, https:\/\/bpi.be-ge.se\/wp-content\/uploads\/2024\/02\/DSC_0271_.webp 900w\" sizes=\"(max-width: 683px) 100vw, 683px\" \/>\t\t\t\t\t\t\t\t\t\t\t\t\t\t\t<\/div>\n\t\t\t\t<\/div>\n\t\t\t\t\t<\/div>\n\t\t<\/div>\n\t\t\t\t<div class=\"elementor-column elementor-col-50 elementor-inner-column elementor-element elementor-element-6c24ce4a\" data-id=\"6c24ce4a\" data-element_type=\"column\" data-e-type=\"column\" data-settings=\"{&quot;background_background&quot;:&quot;classic&quot;}\">\n\t\t\t<div class=\"elementor-widget-wrap elementor-element-populated\">\n\t\t\t\t\t\t<div class=\"elementor-element elementor-element-d545228 elementor-widget elementor-widget-image\" data-id=\"d545228\" data-element_type=\"widget\" data-e-type=\"widget\" data-widget_type=\"image.default\">\n\t\t\t\t<div class=\"elementor-widget-container\">\n\t\t\t\t\t\t\t\t\t\t\t\t\t\t\t<img decoding=\"async\" width=\"900\" height=\"1350\" src=\"https:\/\/bpi.be-ge.se\/wp-content\/uploads\/2024\/02\/DSC_0316_.webp\" class=\"attachment-full size-full wp-image-14741\" alt=\"\" srcset=\"https:\/\/bpi.be-ge.se\/wp-content\/uploads\/2024\/02\/DSC_0316_.webp 900w, https:\/\/bpi.be-ge.se\/wp-content\/uploads\/2024\/02\/DSC_0316_-200x300.webp 200w, https:\/\/bpi.be-ge.se\/wp-content\/uploads\/2024\/02\/DSC_0316_-683x1024.webp 683w, https:\/\/bpi.be-ge.se\/wp-content\/uploads\/2024\/02\/DSC_0316_-768x1152.webp 768w, https:\/\/bpi.be-ge.se\/wp-content\/uploads\/2024\/02\/DSC_0316_-8x12.webp 8w\" sizes=\"(max-width: 900px) 100vw, 900px\" \/>\t\t\t\t\t\t\t\t\t\t\t\t\t\t\t<\/div>\n\t\t\t\t<\/div>\n\t\t\t\t\t<\/div>\n\t\t<\/div>\n\t\t\t\t\t<\/div>\n\t\t<\/section>\n\t\t\t\t\t<\/div>\n\t\t<\/div>\n\t\t\t\t\t<\/div>\n\t\t<\/section>\n\t\t\t\t<section class=\"elementor-section elementor-top-section elementor-element elementor-element-69ff558 elementor-section-boxed elementor-section-height-default elementor-section-height-default\" data-id=\"69ff558\" data-element_type=\"section\" data-e-type=\"section\" data-settings=\"{&quot;background_background&quot;:&quot;classic&quot;}\">\n\t\t\t\t\t\t<div class=\"elementor-container elementor-column-gap-default\">\n\t\t\t\t\t<div class=\"elementor-column elementor-col-100 elementor-top-column elementor-element elementor-element-18ef14d\" data-id=\"18ef14d\" data-element_type=\"column\" data-e-type=\"column\">\n\t\t\t<div class=\"elementor-widget-wrap elementor-element-populated\">\n\t\t\t\t\t\t<div class=\"elementor-element elementor-element-79c2c174 elementor-widget elementor-widget-heading\" data-id=\"79c2c174\" data-element_type=\"widget\" data-e-type=\"widget\" data-widget_type=\"heading.default\">\n\t\t\t\t<div class=\"elementor-widget-container\">\n\t\t\t\t\t<h2 class=\"elementor-heading-title elementor-size-large\">Advanced welding technology<\/h2>\t\t\t\t<\/div>\n\t\t\t\t<\/div>\n\t\t\t\t<div class=\"elementor-element elementor-element-3015fd73 elementor-widget elementor-widget-text-editor\" data-id=\"3015fd73\" data-element_type=\"widget\" data-e-type=\"widget\" data-widget_type=\"text-editor.default\">\n\t\t\t\t<div class=\"elementor-widget-container\">\n\t\t\t\t\t\t\t\t\t<p>Be-Ge Pl\u00e5tindustri AB has advanced welding technology for welding in sheet metal with varying gaps and without welding spatter.<\/p>\t\t\t\t\t\t\t\t<\/div>\n\t\t\t\t<\/div>\n\t\t\t\t\t<\/div>\n\t\t<\/div>\n\t\t\t\t\t<\/div>\n\t\t<\/section>\n\t\t\t\t<section class=\"elementor-section elementor-top-section elementor-element elementor-element-70a4394 elementor-section-boxed elementor-section-height-default elementor-section-height-default\" data-id=\"70a4394\" data-element_type=\"section\" data-e-type=\"section\">\n\t\t\t\t\t\t<div class=\"elementor-container elementor-column-gap-default\">\n\t\t\t\t\t<div class=\"elementor-column elementor-col-50 elementor-top-column elementor-element elementor-element-4f8c3a1\" data-id=\"4f8c3a1\" data-element_type=\"column\" data-e-type=\"column\">\n\t\t\t<div class=\"elementor-widget-wrap elementor-element-populated\">\n\t\t\t\t\t\t<div class=\"elementor-element elementor-element-40ab535 elementor-widget elementor-widget-image\" data-id=\"40ab535\" data-element_type=\"widget\" data-e-type=\"widget\" data-widget_type=\"image.default\">\n\t\t\t\t<div class=\"elementor-widget-container\">\n\t\t\t\t\t\t\t\t\t\t\t\t\t\t\t<img decoding=\"async\" width=\"800\" height=\"534\" src=\"https:\/\/bpi.be-ge.se\/wp-content\/uploads\/2026\/01\/Fotograf-Cornelia-Hoglind-2025_Be-Ge-plat19-kopiera-1024x683.webp\" class=\"attachment-large size-large wp-image-15663\" alt=\"\" srcset=\"https:\/\/bpi.be-ge.se\/wp-content\/uploads\/2026\/01\/Fotograf-Cornelia-Hoglind-2025_Be-Ge-plat19-kopiera-1024x683.webp 1024w, https:\/\/bpi.be-ge.se\/wp-content\/uploads\/2026\/01\/Fotograf-Cornelia-Hoglind-2025_Be-Ge-plat19-kopiera-300x200.webp 300w, https:\/\/bpi.be-ge.se\/wp-content\/uploads\/2026\/01\/Fotograf-Cornelia-Hoglind-2025_Be-Ge-plat19-kopiera-768x512.webp 768w, https:\/\/bpi.be-ge.se\/wp-content\/uploads\/2026\/01\/Fotograf-Cornelia-Hoglind-2025_Be-Ge-plat19-kopiera-18x12.webp 18w, https:\/\/bpi.be-ge.se\/wp-content\/uploads\/2026\/01\/Fotograf-Cornelia-Hoglind-2025_Be-Ge-plat19-kopiera.webp 1500w\" sizes=\"(max-width: 800px) 100vw, 800px\" \/>\t\t\t\t\t\t\t\t\t\t\t\t\t\t\t<\/div>\n\t\t\t\t<\/div>\n\t\t\t\t\t<\/div>\n\t\t<\/div>\n\t\t\t\t<div class=\"elementor-column elementor-col-50 elementor-top-column elementor-element elementor-element-749a1de\" data-id=\"749a1de\" data-element_type=\"column\" data-e-type=\"column\">\n\t\t\t<div class=\"elementor-widget-wrap elementor-element-populated\">\n\t\t\t\t\t\t<div class=\"elementor-element elementor-element-f221e03 elementor-widget elementor-widget-image\" data-id=\"f221e03\" data-element_type=\"widget\" data-e-type=\"widget\" data-widget_type=\"image.default\">\n\t\t\t\t<div class=\"elementor-widget-container\">\n\t\t\t\t\t\t\t\t\t\t\t\t\t\t\t<img loading=\"lazy\" decoding=\"async\" width=\"800\" height=\"534\" src=\"https:\/\/bpi.be-ge.se\/wp-content\/uploads\/2026\/01\/Fotograf-Cornelia-Hoglind-2025_Be-Ge-plat32-1024x683.webp\" class=\"attachment-large size-large wp-image-15664\" alt=\"\" srcset=\"https:\/\/bpi.be-ge.se\/wp-content\/uploads\/2026\/01\/Fotograf-Cornelia-Hoglind-2025_Be-Ge-plat32-1024x683.webp 1024w, https:\/\/bpi.be-ge.se\/wp-content\/uploads\/2026\/01\/Fotograf-Cornelia-Hoglind-2025_Be-Ge-plat32-300x200.webp 300w, https:\/\/bpi.be-ge.se\/wp-content\/uploads\/2026\/01\/Fotograf-Cornelia-Hoglind-2025_Be-Ge-plat32-768x513.webp 768w, https:\/\/bpi.be-ge.se\/wp-content\/uploads\/2026\/01\/Fotograf-Cornelia-Hoglind-2025_Be-Ge-plat32-18x12.webp 18w, https:\/\/bpi.be-ge.se\/wp-content\/uploads\/2026\/01\/Fotograf-Cornelia-Hoglind-2025_Be-Ge-plat32.webp 1500w\" sizes=\"(max-width: 800px) 100vw, 800px\" \/>\t\t\t\t\t\t\t\t\t\t\t\t\t\t\t<\/div>\n\t\t\t\t<\/div>\n\t\t\t\t\t<\/div>\n\t\t<\/div>\n\t\t\t\t\t<\/div>\n\t\t<\/section>\n\t\t\t\t<section class=\"elementor-section elementor-top-section elementor-element elementor-element-596816f elementor-section-boxed elementor-section-height-default elementor-section-height-default\" data-id=\"596816f\" data-element_type=\"section\" data-e-type=\"section\">\n\t\t\t\t\t\t<div class=\"elementor-container elementor-column-gap-default\">\n\t\t\t\t\t<div class=\"elementor-column elementor-col-100 elementor-top-column elementor-element elementor-element-c2df30b\" data-id=\"c2df30b\" data-element_type=\"column\" data-e-type=\"column\">\n\t\t\t<div class=\"elementor-widget-wrap elementor-element-populated\">\n\t\t\t\t\t\t<div class=\"elementor-element elementor-element-3c016b1 elementor-widget elementor-widget-video\" data-id=\"3c016b1\" data-element_type=\"widget\" data-e-type=\"widget\" data-settings=\"{&quot;youtube_url&quot;:&quot;https:\\\/\\\/youtu.be\\\/u8GxaPowvj8&quot;,&quot;loop&quot;:&quot;yes&quot;,&quot;lazy_load&quot;:&quot;yes&quot;,&quot;video_type&quot;:&quot;youtube&quot;}\" data-widget_type=\"video.default\">\n\t\t\t\t<div class=\"elementor-widget-container\">\n\t\t\t\t\t\t\t<div class=\"elementor-wrapper elementor-open-inline\">\n\t\t\t<div class=\"elementor-video\"><\/div>\t\t<\/div>\n\t\t\t\t\t\t<\/div>\n\t\t\t\t<\/div>\n\t\t\t\t\t<\/div>\n\t\t<\/div>\n\t\t\t\t\t<\/div>\n\t\t<\/section>\n\t\t\t\t<section class=\"elementor-section elementor-top-section elementor-element elementor-element-82762d1 elementor-section-boxed elementor-section-height-default elementor-section-height-default\" data-id=\"82762d1\" data-element_type=\"section\" data-e-type=\"section\">\n\t\t\t\t\t\t<div class=\"elementor-container elementor-column-gap-default\">\n\t\t\t\t\t<div class=\"elementor-column elementor-col-100 elementor-top-column elementor-element elementor-element-6b223f5\" data-id=\"6b223f5\" data-element_type=\"column\" data-e-type=\"column\">\n\t\t\t<div class=\"elementor-widget-wrap elementor-element-populated\">\n\t\t\t\t\t\t<div class=\"elementor-element elementor-element-1acf675 elementor-widget elementor-widget-spacer\" data-id=\"1acf675\" data-element_type=\"widget\" data-e-type=\"widget\" data-widget_type=\"spacer.default\">\n\t\t\t\t<div class=\"elementor-widget-container\">\n\t\t\t\t\t\t\t<div class=\"elementor-spacer\">\n\t\t\t<div class=\"elementor-spacer-inner\"><\/div>\n\t\t<\/div>\n\t\t\t\t\t\t<\/div>\n\t\t\t\t<\/div>\n\t\t\t\t\t<\/div>\n\t\t<\/div>\n\t\t\t\t\t<\/div>\n\t\t<\/section>\n\t\t\t\t<\/div>","protected":false},"excerpt":{"rendered":"<p>Robotsvetsning Be-Ge Pl\u00e5tindustri AB utf\u00f6r robotsvetsning d\u00e4r vi har \u00e5tta stycken svetsrobotceller som ger m\u00f6jlighet till att svetsa tv\u00e5 meter l\u00e5nga detaljer. Svetsrobotar Vi har \u00e5tta svetsrobotar som \u00e4r utrustade med Fronius CMT verk som ger ett \u00f6verl\u00e4gset svetsresultat. Avancerad svetsteknologi Hos Be-Ge Pl\u00e5tindustri AB finns avancerad svetsteknologi f\u00f6r att svetsa i tunnpl\u00e5t med varierande [&hellip;]<\/p>\n","protected":false},"author":1,"featured_media":0,"parent":0,"menu_order":0,"comment_status":"closed","ping_status":"closed","template":"","meta":{"_acf_changed":false,"footnotes":""},"class_list":["post-11774","page","type-page","status-publish","hentry"],"acf":[],"_links":{"self":[{"href":"https:\/\/bpi.be-ge.se\/en\/wp-json\/wp\/v2\/pages\/11774","targetHints":{"allow":["GET"]}}],"collection":[{"href":"https:\/\/bpi.be-ge.se\/en\/wp-json\/wp\/v2\/pages"}],"about":[{"href":"https:\/\/bpi.be-ge.se\/en\/wp-json\/wp\/v2\/types\/page"}],"author":[{"embeddable":true,"href":"https:\/\/bpi.be-ge.se\/en\/wp-json\/wp\/v2\/users\/1"}],"replies":[{"embeddable":true,"href":"https:\/\/bpi.be-ge.se\/en\/wp-json\/wp\/v2\/comments?post=11774"}],"version-history":[{"count":6,"href":"https:\/\/bpi.be-ge.se\/en\/wp-json\/wp\/v2\/pages\/11774\/revisions"}],"predecessor-version":[{"id":15667,"href":"https:\/\/bpi.be-ge.se\/en\/wp-json\/wp\/v2\/pages\/11774\/revisions\/15667"}],"wp:attachment":[{"href":"https:\/\/bpi.be-ge.se\/en\/wp-json\/wp\/v2\/media?parent=11774"}],"curies":[{"name":"wp","href":"https:\/\/api.w.org\/{rel}","templated":true}]}}