{"id":11776,"date":"2022-04-01T11:50:41","date_gmt":"2022-04-01T09:50:41","guid":{"rendered":"https:\/\/bpi.be-ge.se\/?page_id=11776"},"modified":"2026-01-15T13:36:34","modified_gmt":"2026-01-15T12:36:34","slug":"svetsning","status":"publish","type":"page","link":"https:\/\/bpi.be-ge.se\/en\/svetsning\/","title":{"rendered":"Welding"},"content":{"rendered":"<div data-elementor-type=\"wp-page\" data-elementor-id=\"11776\" class=\"elementor elementor-11776\" data-elementor-post-type=\"page\">\n\t\t\t\t\t\t<section class=\"elementor-section elementor-top-section elementor-element elementor-element-2c8c40e3 elementor-section-boxed elementor-section-height-default elementor-section-height-default\" data-id=\"2c8c40e3\" data-element_type=\"section\" data-e-type=\"section\">\n\t\t\t\t\t\t<div class=\"elementor-container elementor-column-gap-default\">\n\t\t\t\t\t<div class=\"elementor-column elementor-col-50 elementor-top-column elementor-element elementor-element-24998b53\" data-id=\"24998b53\" data-element_type=\"column\" data-e-type=\"column\">\n\t\t\t<div class=\"elementor-widget-wrap elementor-element-populated\">\n\t\t\t\t\t\t<div class=\"elementor-element elementor-element-582d41f1 elementor-widget elementor-widget-heading\" data-id=\"582d41f1\" data-element_type=\"widget\" data-e-type=\"widget\" data-widget_type=\"heading.default\">\n\t\t\t\t<div class=\"elementor-widget-container\">\n\t\t\t\t\t<h1 class=\"elementor-heading-title elementor-size-large\">Welding<\/h1>\t\t\t\t<\/div>\n\t\t\t\t<\/div>\n\t\t\t\t\t<\/div>\n\t\t<\/div>\n\t\t\t\t<div class=\"elementor-column elementor-col-50 elementor-top-column elementor-element elementor-element-378f3e1a\" data-id=\"378f3e1a\" data-element_type=\"column\" data-e-type=\"column\">\n\t\t\t<div class=\"elementor-widget-wrap elementor-element-populated\">\n\t\t\t\t\t\t<div class=\"elementor-element elementor-element-250f4a9c elementor-widget elementor-widget-text-editor\" data-id=\"250f4a9c\" data-element_type=\"widget\" data-e-type=\"widget\" data-widget_type=\"text-editor.default\">\n\t\t\t\t<div class=\"elementor-widget-container\">\n\t\t\t\t\t\t\t\t\t<p>Be-Ge Pl\u00e5tindustri AB has great knowledge and experience in welding.\u00a0<\/p>\t\t\t\t\t\t\t\t<\/div>\n\t\t\t\t<\/div>\n\t\t\t\t\t<\/div>\n\t\t<\/div>\n\t\t\t\t\t<\/div>\n\t\t<\/section>\n\t\t\t\t<section class=\"elementor-section elementor-top-section elementor-element elementor-element-17720acb elementor-section-full_width elementor-section-height-min-height elementor-section-height-default elementor-section-items-middle\" data-id=\"17720acb\" data-element_type=\"section\" data-e-type=\"section\" data-settings=\"{&quot;background_background&quot;:&quot;classic&quot;}\">\n\t\t\t\t\t\t\t<div class=\"elementor-background-overlay\"><\/div>\n\t\t\t\t\t\t\t<div class=\"elementor-container elementor-column-gap-default\">\n\t\t\t\t\t<div class=\"elementor-column elementor-col-100 elementor-top-column elementor-element elementor-element-31cd9042\" data-id=\"31cd9042\" data-element_type=\"column\" data-e-type=\"column\">\n\t\t\t<div class=\"elementor-widget-wrap elementor-element-populated\">\n\t\t\t\t\t\t<section class=\"elementor-section elementor-inner-section elementor-element elementor-element-706e1182 elementor-section-boxed elementor-section-height-default elementor-section-height-default\" data-id=\"706e1182\" data-element_type=\"section\" data-e-type=\"section\">\n\t\t\t\t\t\t<div class=\"elementor-container elementor-column-gap-default\">\n\t\t\t\t\t<div class=\"elementor-column elementor-col-100 elementor-inner-column elementor-element elementor-element-6f480f12\" data-id=\"6f480f12\" data-element_type=\"column\" data-e-type=\"column\">\n\t\t\t<div class=\"elementor-widget-wrap elementor-element-populated\">\n\t\t\t\t\t\t<div class=\"elementor-element elementor-element-75ce59c9 elementor-widget elementor-widget-heading\" data-id=\"75ce59c9\" data-element_type=\"widget\" data-e-type=\"widget\" data-widget_type=\"heading.default\">\n\t\t\t\t<div class=\"elementor-widget-container\">\n\t\t\t\t\t<h1 class=\"elementor-heading-title elementor-size-large\">Knowledge and experience in welding<\/h1>\t\t\t\t<\/div>\n\t\t\t\t<\/div>\n\t\t\t\t\t<\/div>\n\t\t<\/div>\n\t\t\t\t\t<\/div>\n\t\t<\/section>\n\t\t\t\t\t<\/div>\n\t\t<\/div>\n\t\t\t\t\t<\/div>\n\t\t<\/section>\n\t\t\t\t<section class=\"elementor-section elementor-top-section elementor-element elementor-element-3d7e013f elementor-section-boxed elementor-section-height-default elementor-section-height-default\" data-id=\"3d7e013f\" data-element_type=\"section\" data-e-type=\"section\">\n\t\t\t\t\t\t<div class=\"elementor-container elementor-column-gap-default\">\n\t\t\t\t\t<div class=\"elementor-column elementor-col-100 elementor-top-column elementor-element elementor-element-2429dbce\" data-id=\"2429dbce\" data-element_type=\"column\" data-e-type=\"column\">\n\t\t\t<div class=\"elementor-widget-wrap elementor-element-populated\">\n\t\t\t\t\t\t<div class=\"elementor-element elementor-element-5633459 elementor-widget elementor-widget-text-editor\" data-id=\"5633459\" data-element_type=\"widget\" data-e-type=\"widget\" data-widget_type=\"text-editor.default\">\n\t\t\t\t<div class=\"elementor-widget-container\">\n\t\t\t\t\t\t\t\t\t<p data-start=\"150\" data-end=\"455\">Be-Ge Pl\u00e5tindustri AB possesses extensive expertise and long-standing experience in welding for industrial applications. Our operations cover a wide range of welding methods, and our certified and highly skilled employees regularly carry out welder qualification tests in accordance with applicable standards and quality requirements.<\/p><p data-start=\"457\" data-end=\"819\">Through strong technical competence, modern production methods, and a clear focus on quality and precision, we ensure durable and reliable welding solutions tailored to each customer\u2019s specific needs. Whether for small production runs or large-scale manufacturing, Be-Ge Pl\u00e5tindustri AB delivers professional welding services with documented quality for demanding industrial environments.<\/p>\t\t\t\t\t\t\t\t<\/div>\n\t\t\t\t<\/div>\n\t\t\t\t<section class=\"elementor-section elementor-inner-section elementor-element elementor-element-3f9251b5 elementor-section-boxed elementor-section-height-default elementor-section-height-default\" data-id=\"3f9251b5\" data-element_type=\"section\" data-e-type=\"section\">\n\t\t\t\t\t\t<div class=\"elementor-container elementor-column-gap-wider\">\n\t\t\t\t\t<div class=\"elementor-column elementor-col-100 elementor-inner-column elementor-element elementor-element-1851d6a4\" data-id=\"1851d6a4\" data-element_type=\"column\" data-e-type=\"column\" data-settings=\"{&quot;background_background&quot;:&quot;classic&quot;}\">\n\t\t\t<div class=\"elementor-widget-wrap elementor-element-populated\">\n\t\t\t\t\t\t<div class=\"elementor-element elementor-element-2b5c1399 elementor-widget elementor-widget-image\" data-id=\"2b5c1399\" data-element_type=\"widget\" data-e-type=\"widget\" data-widget_type=\"image.default\">\n\t\t\t\t<div class=\"elementor-widget-container\">\n\t\t\t\t\t\t\t\t\t\t\t\t\t\t\t<img fetchpriority=\"high\" decoding=\"async\" width=\"683\" height=\"1024\" src=\"https:\/\/bpi.be-ge.se\/wp-content\/uploads\/2026\/01\/Fotograf-Cornelia-Hoglind-2025_Be-Ge-plat41-kopiera-683x1024.webp\" class=\"attachment-large size-large wp-image-15669\" alt=\"\" srcset=\"https:\/\/bpi.be-ge.se\/wp-content\/uploads\/2026\/01\/Fotograf-Cornelia-Hoglind-2025_Be-Ge-plat41-kopiera-683x1024.webp 683w, https:\/\/bpi.be-ge.se\/wp-content\/uploads\/2026\/01\/Fotograf-Cornelia-Hoglind-2025_Be-Ge-plat41-kopiera-200x300.webp 200w, https:\/\/bpi.be-ge.se\/wp-content\/uploads\/2026\/01\/Fotograf-Cornelia-Hoglind-2025_Be-Ge-plat41-kopiera-768x1151.webp 768w, https:\/\/bpi.be-ge.se\/wp-content\/uploads\/2026\/01\/Fotograf-Cornelia-Hoglind-2025_Be-Ge-plat41-kopiera-1024x1536.webp 1024w, https:\/\/bpi.be-ge.se\/wp-content\/uploads\/2026\/01\/Fotograf-Cornelia-Hoglind-2025_Be-Ge-plat41-kopiera-1366x2048.webp 1366w, https:\/\/bpi.be-ge.se\/wp-content\/uploads\/2026\/01\/Fotograf-Cornelia-Hoglind-2025_Be-Ge-plat41-kopiera-8x12.webp 8w, https:\/\/bpi.be-ge.se\/wp-content\/uploads\/2026\/01\/Fotograf-Cornelia-Hoglind-2025_Be-Ge-plat41-kopiera.webp 1500w\" sizes=\"(max-width: 683px) 100vw, 683px\" \/>\t\t\t\t\t\t\t\t\t\t\t\t\t\t\t<\/div>\n\t\t\t\t<\/div>\n\t\t\t\t\t<\/div>\n\t\t<\/div>\n\t\t\t\t\t<\/div>\n\t\t<\/section>\n\t\t\t\t\t<\/div>\n\t\t<\/div>\n\t\t\t\t\t<\/div>\n\t\t<\/section>\n\t\t\t\t<section class=\"elementor-section elementor-top-section elementor-element elementor-element-f5421e5 elementor-section-boxed elementor-section-height-default elementor-section-height-default\" data-id=\"f5421e5\" data-element_type=\"section\" data-e-type=\"section\">\n\t\t\t\t\t\t<div class=\"elementor-container elementor-column-gap-default\">\n\t\t\t\t\t<div class=\"elementor-column elementor-col-100 elementor-top-column elementor-element elementor-element-5cbfa24\" data-id=\"5cbfa24\" data-element_type=\"column\" data-e-type=\"column\">\n\t\t\t<div class=\"elementor-widget-wrap elementor-element-populated\">\n\t\t\t\t\t\t<div class=\"elementor-element elementor-element-67dc1da elementor-cta--skin-cover elementor-cta--valign-middle elementor-animated-content elementor-bg-transform elementor-bg-transform-zoom-in elementor-widget elementor-widget-call-to-action\" data-id=\"67dc1da\" data-element_type=\"widget\" data-e-type=\"widget\" data-widget_type=\"call-to-action.default\">\n\t\t\t\t<div class=\"elementor-widget-container\">\n\t\t\t\t\t\t\t<div class=\"elementor-cta\">\n\t\t\t\t\t<div class=\"elementor-cta__bg-wrapper\">\n\t\t\t\t<div class=\"elementor-cta__bg elementor-bg\" style=\"background-image: url(https:\/\/bpi.be-ge.se\/wp-content\/uploads\/2024\/02\/DSC_0178__.webp);\" role=\"img\" aria-label=\"Svets, welding\"><\/div>\n\t\t\t\t<div class=\"elementor-cta__bg-overlay\"><\/div>\n\t\t\t<\/div>\n\t\t\t\t\t\t\t<div class=\"elementor-cta__content\">\n\t\t\t\t\n\t\t\t\t\t\t\t\t\t<h2 class=\"elementor-cta__title elementor-cta__content-item elementor-content-item elementor-animated-item--grow\">\n\t\t\t\t\t\tContact us here\t\t\t\t\t<\/h2>\n\t\t\t\t\n\t\t\t\t\n\t\t\t\t\t\t\t\t\t<div class=\"elementor-cta__button-wrapper elementor-cta__content-item elementor-content-item elementor-animated-item--grow\">\n\t\t\t\t\t<a class=\"elementor-cta__button elementor-button elementor-size-\" href=\"\/en\/kontakt\/\">\n\t\t\t\t\t\tClick here to contac us\t\t\t\t\t<\/a>\n\t\t\t\t\t<\/div>\n\t\t\t\t\t\t\t<\/div>\n\t\t\t\t\t\t<\/div>\n\t\t\t\t\t\t<\/div>\n\t\t\t\t<\/div>\n\t\t\t\t\t<\/div>\n\t\t<\/div>\n\t\t\t\t\t<\/div>\n\t\t<\/section>\n\t\t\t\t<\/div>","protected":false},"excerpt":{"rendered":"<p>Svetsning Be-Ge Pl\u00e5tindustri AB har stor kompetens och erfarenhet inom Svetsning.\u00a0 Kompetens och erfarenhet inom svetsning Be-Ge Pl\u00e5tindustri AB besitter gedigen kompetens och l\u00e5ng erfarenhet inom svetsning f\u00f6r industriella applikationer. V\u00e5r verksamhet omfattar ett brett utbud av svetsmetoder, d\u00e4r v\u00e5ra certifierade och erfarna medarbetare regelbundet genomf\u00f6r svetsarpr\u00f6vningar enligt g\u00e4llande standarder och kvalitetskrav. Genom h\u00f6g teknisk [&hellip;]<\/p>\n","protected":false},"author":1,"featured_media":0,"parent":0,"menu_order":0,"comment_status":"closed","ping_status":"closed","template":"","meta":{"_acf_changed":false,"footnotes":""},"class_list":["post-11776","page","type-page","status-publish","hentry"],"acf":[],"_links":{"self":[{"href":"https:\/\/bpi.be-ge.se\/en\/wp-json\/wp\/v2\/pages\/11776","targetHints":{"allow":["GET"]}}],"collection":[{"href":"https:\/\/bpi.be-ge.se\/en\/wp-json\/wp\/v2\/pages"}],"about":[{"href":"https:\/\/bpi.be-ge.se\/en\/wp-json\/wp\/v2\/types\/page"}],"author":[{"embeddable":true,"href":"https:\/\/bpi.be-ge.se\/en\/wp-json\/wp\/v2\/users\/1"}],"replies":[{"embeddable":true,"href":"https:\/\/bpi.be-ge.se\/en\/wp-json\/wp\/v2\/comments?post=11776"}],"version-history":[{"count":12,"href":"https:\/\/bpi.be-ge.se\/en\/wp-json\/wp\/v2\/pages\/11776\/revisions"}],"predecessor-version":[{"id":15683,"href":"https:\/\/bpi.be-ge.se\/en\/wp-json\/wp\/v2\/pages\/11776\/revisions\/15683"}],"wp:attachment":[{"href":"https:\/\/bpi.be-ge.se\/en\/wp-json\/wp\/v2\/media?parent=11776"}],"curies":[{"name":"wp","href":"https:\/\/api.w.org\/{rel}","templated":true}]}}