{"id":11778,"date":"2022-04-01T11:50:59","date_gmt":"2022-04-01T09:50:59","guid":{"rendered":"https:\/\/bpi.be-ge.se\/?page_id=11778"},"modified":"2026-01-15T13:45:26","modified_gmt":"2026-01-15T12:45:26","slug":"monteringen","status":"publish","type":"page","link":"https:\/\/bpi.be-ge.se\/en\/monteringen\/","title":{"rendered":"The Assembly"},"content":{"rendered":"<div data-elementor-type=\"wp-page\" data-elementor-id=\"11778\" class=\"elementor elementor-11778\" data-elementor-post-type=\"page\">\n\t\t\t\t\t\t<section class=\"elementor-section elementor-top-section elementor-element elementor-element-4b43933d elementor-section-boxed elementor-section-height-default elementor-section-height-default\" data-id=\"4b43933d\" data-element_type=\"section\" data-e-type=\"section\">\n\t\t\t\t\t\t<div class=\"elementor-container elementor-column-gap-default\">\n\t\t\t\t\t<div class=\"elementor-column elementor-col-50 elementor-top-column elementor-element elementor-element-1555c8fb\" data-id=\"1555c8fb\" data-element_type=\"column\" data-e-type=\"column\">\n\t\t\t<div class=\"elementor-widget-wrap elementor-element-populated\">\n\t\t\t\t\t\t<div class=\"elementor-element elementor-element-134c97d elementor-widget elementor-widget-heading\" data-id=\"134c97d\" data-element_type=\"widget\" data-e-type=\"widget\" data-widget_type=\"heading.default\">\n\t\t\t\t<div class=\"elementor-widget-container\">\n\t\t\t\t\t<h1 class=\"elementor-heading-title elementor-size-large\">The Assembly<\/h1>\t\t\t\t<\/div>\n\t\t\t\t<\/div>\n\t\t\t\t\t<\/div>\n\t\t<\/div>\n\t\t\t\t<div class=\"elementor-column elementor-col-50 elementor-top-column elementor-element elementor-element-27ea94dd\" data-id=\"27ea94dd\" data-element_type=\"column\" data-e-type=\"column\">\n\t\t\t<div class=\"elementor-widget-wrap elementor-element-populated\">\n\t\t\t\t\t\t<div class=\"elementor-element elementor-element-6985a3d4 elementor-widget elementor-widget-text-editor\" data-id=\"6985a3d4\" data-element_type=\"widget\" data-e-type=\"widget\" data-widget_type=\"text-editor.default\">\n\t\t\t\t<div class=\"elementor-widget-container\">\n\t\t\t\t\t\t\t\t\t<p>Be-Ge Pl\u00e5tindustri AB provides installation and assembly of various details.<\/p>\t\t\t\t\t\t\t\t<\/div>\n\t\t\t\t<\/div>\n\t\t\t\t\t<\/div>\n\t\t<\/div>\n\t\t\t\t\t<\/div>\n\t\t<\/section>\n\t\t\t\t<section class=\"elementor-section elementor-top-section elementor-element elementor-element-786f8e7a elementor-section-full_width elementor-section-height-min-height elementor-section-height-default elementor-section-items-middle\" data-id=\"786f8e7a\" data-element_type=\"section\" data-e-type=\"section\" data-settings=\"{&quot;background_background&quot;:&quot;classic&quot;}\">\n\t\t\t\t\t\t\t<div class=\"elementor-background-overlay\"><\/div>\n\t\t\t\t\t\t\t<div class=\"elementor-container elementor-column-gap-default\">\n\t\t\t\t\t<div class=\"elementor-column elementor-col-100 elementor-top-column elementor-element elementor-element-521fb437\" data-id=\"521fb437\" data-element_type=\"column\" data-e-type=\"column\">\n\t\t\t<div class=\"elementor-widget-wrap\">\n\t\t\t\t\t\t\t<\/div>\n\t\t<\/div>\n\t\t\t\t\t<\/div>\n\t\t<\/section>\n\t\t\t\t<section class=\"elementor-section elementor-top-section elementor-element elementor-element-636c4f4e elementor-section-boxed elementor-section-height-default elementor-section-height-default\" data-id=\"636c4f4e\" data-element_type=\"section\" data-e-type=\"section\" data-settings=\"{&quot;background_background&quot;:&quot;classic&quot;}\">\n\t\t\t\t\t\t<div class=\"elementor-container elementor-column-gap-default\">\n\t\t\t\t\t<div class=\"elementor-column elementor-col-100 elementor-top-column elementor-element elementor-element-6cf0b5da\" data-id=\"6cf0b5da\" data-element_type=\"column\" data-e-type=\"column\">\n\t\t\t<div class=\"elementor-widget-wrap elementor-element-populated\">\n\t\t\t\t\t\t<div class=\"elementor-element elementor-element-7d3ae14 elementor-widget elementor-widget-heading\" data-id=\"7d3ae14\" data-element_type=\"widget\" data-e-type=\"widget\" data-widget_type=\"heading.default\">\n\t\t\t\t<div class=\"elementor-widget-container\">\n\t\t\t\t\t<h2 class=\"elementor-heading-title elementor-size-large\">Composition of various details<\/h2>\t\t\t\t<\/div>\n\t\t\t\t<\/div>\n\t\t\t\t<div class=\"elementor-element elementor-element-4ca65081 elementor-widget elementor-widget-text-editor\" data-id=\"4ca65081\" data-element_type=\"widget\" data-e-type=\"widget\" data-widget_type=\"text-editor.default\">\n\t\t\t\t<div class=\"elementor-widget-container\">\n\t\t\t\t\t\t\t\t\t<p data-start=\"162\" data-end=\"462\">Be-Ge Pl\u00e5tindustri AB offers professional and precision-based assembly of various components and parts for industrial applications. With strong technical expertise and a high level of accuracy, we manage everything from simple assemblies to more complex multi-part constructions.<\/p><p data-start=\"464\" data-end=\"805\">We have extensive experience in assembling components such as valves, silencers, and other technical products, where each step is carried out in accordance with defined quality requirements and customer-specific specifications. Through efficient processes, modern equipment, and a strong focus on quality, we ensure functional, durable, and reliable end products.<\/p>\t\t\t\t\t\t\t\t<\/div>\n\t\t\t\t<\/div>\n\t\t\t\t\t<\/div>\n\t\t<\/div>\n\t\t\t\t\t<\/div>\n\t\t<\/section>\n\t\t\t\t<section class=\"elementor-section elementor-top-section elementor-element elementor-element-a2c4d0d elementor-section-boxed elementor-section-height-default elementor-section-height-default\" data-id=\"a2c4d0d\" data-element_type=\"section\" data-e-type=\"section\">\n\t\t\t\t\t\t<div class=\"elementor-container elementor-column-gap-default\">\n\t\t\t\t\t<div class=\"elementor-column elementor-col-50 elementor-top-column elementor-element elementor-element-60af99c\" data-id=\"60af99c\" data-element_type=\"column\" data-e-type=\"column\">\n\t\t\t<div class=\"elementor-widget-wrap elementor-element-populated\">\n\t\t\t\t\t\t<div class=\"elementor-element elementor-element-31097de elementor-widget elementor-widget-image\" data-id=\"31097de\" data-element_type=\"widget\" data-e-type=\"widget\" data-widget_type=\"image.default\">\n\t\t\t\t<div class=\"elementor-widget-container\">\n\t\t\t\t\t\t\t\t\t\t\t\t\t\t\t<img fetchpriority=\"high\" decoding=\"async\" width=\"729\" height=\"1024\" src=\"https:\/\/bpi.be-ge.se\/wp-content\/uploads\/2024\/02\/20221111_111842_1_12_12_2-729x1024.webp\" class=\"attachment-large size-large wp-image-14729\" alt=\"\" srcset=\"https:\/\/bpi.be-ge.se\/wp-content\/uploads\/2024\/02\/20221111_111842_1_12_12_2-729x1024.webp 729w, https:\/\/bpi.be-ge.se\/wp-content\/uploads\/2024\/02\/20221111_111842_1_12_12_2-214x300.webp 214w, https:\/\/bpi.be-ge.se\/wp-content\/uploads\/2024\/02\/20221111_111842_1_12_12_2-768x1078.webp 768w, https:\/\/bpi.be-ge.se\/wp-content\/uploads\/2024\/02\/20221111_111842_1_12_12_2-1094x1536.webp 1094w, https:\/\/bpi.be-ge.se\/wp-content\/uploads\/2024\/02\/20221111_111842_1_12_12_2-1459x2048.webp 1459w, https:\/\/bpi.be-ge.se\/wp-content\/uploads\/2024\/02\/20221111_111842_1_12_12_2-9x12.webp 9w, https:\/\/bpi.be-ge.se\/wp-content\/uploads\/2024\/02\/20221111_111842_1_12_12_2.webp 1800w\" sizes=\"(max-width: 729px) 100vw, 729px\" \/>\t\t\t\t\t\t\t\t\t\t\t\t\t\t\t<\/div>\n\t\t\t\t<\/div>\n\t\t\t\t\t<\/div>\n\t\t<\/div>\n\t\t\t\t<div class=\"elementor-column elementor-col-50 elementor-top-column elementor-element elementor-element-329b3be\" data-id=\"329b3be\" data-element_type=\"column\" data-e-type=\"column\">\n\t\t\t<div class=\"elementor-widget-wrap elementor-element-populated\">\n\t\t\t\t\t\t<div class=\"elementor-element elementor-element-1b12cd0 elementor-widget elementor-widget-image\" data-id=\"1b12cd0\" data-element_type=\"widget\" data-e-type=\"widget\" data-widget_type=\"image.default\">\n\t\t\t\t<div class=\"elementor-widget-container\">\n\t\t\t\t\t\t\t\t\t\t\t\t\t\t\t<img decoding=\"async\" width=\"728\" height=\"1024\" src=\"https:\/\/bpi.be-ge.se\/wp-content\/uploads\/2024\/02\/20221111_112850-scaled-1-728x1024.webp\" class=\"attachment-large size-large wp-image-14730\" alt=\"\" srcset=\"https:\/\/bpi.be-ge.se\/wp-content\/uploads\/2024\/02\/20221111_112850-scaled-1-728x1024.webp 728w, https:\/\/bpi.be-ge.se\/wp-content\/uploads\/2024\/02\/20221111_112850-scaled-1-213x300.webp 213w, https:\/\/bpi.be-ge.se\/wp-content\/uploads\/2024\/02\/20221111_112850-scaled-1-768x1080.webp 768w, https:\/\/bpi.be-ge.se\/wp-content\/uploads\/2024\/02\/20221111_112850-scaled-1-1092x1536.webp 1092w, https:\/\/bpi.be-ge.se\/wp-content\/uploads\/2024\/02\/20221111_112850-scaled-1-1456x2048.webp 1456w, https:\/\/bpi.be-ge.se\/wp-content\/uploads\/2024\/02\/20221111_112850-scaled-1-9x12.webp 9w, https:\/\/bpi.be-ge.se\/wp-content\/uploads\/2024\/02\/20221111_112850-scaled-1.webp 1820w\" sizes=\"(max-width: 728px) 100vw, 728px\" \/>\t\t\t\t\t\t\t\t\t\t\t\t\t\t\t<\/div>\n\t\t\t\t<\/div>\n\t\t\t\t\t<\/div>\n\t\t<\/div>\n\t\t\t\t\t<\/div>\n\t\t<\/section>\n\t\t\t\t<section class=\"elementor-section elementor-top-section elementor-element elementor-element-2b2fd18 elementor-section-boxed elementor-section-height-default elementor-section-height-default\" data-id=\"2b2fd18\" data-element_type=\"section\" data-e-type=\"section\">\n\t\t\t\t\t\t<div class=\"elementor-container elementor-column-gap-default\">\n\t\t\t\t\t<div class=\"elementor-column elementor-col-100 elementor-top-column elementor-element elementor-element-b673b74\" data-id=\"b673b74\" data-element_type=\"column\" data-e-type=\"column\">\n\t\t\t<div class=\"elementor-widget-wrap elementor-element-populated\">\n\t\t\t\t\t\t<div class=\"elementor-element elementor-element-2a5f361 elementor-widget elementor-widget-text-editor\" data-id=\"2a5f361\" data-element_type=\"widget\" data-e-type=\"widget\" data-widget_type=\"text-editor.default\">\n\t\t\t\t<div class=\"elementor-widget-container\">\n\t\t\t\t\t\t\t\t\t<p data-start=\"162\" data-end=\"462\">Be-Ge Pl\u00e5tindustri AB is a reliable partner for companies seeking a flexible and quality-assured supplier of component and product assembly within the manufacturing industry.<\/p>\t\t\t\t\t\t\t\t<\/div>\n\t\t\t\t<\/div>\n\t\t\t\t<div class=\"elementor-element elementor-element-51e5748 elementor-widget elementor-widget-image\" data-id=\"51e5748\" data-element_type=\"widget\" data-e-type=\"widget\" data-widget_type=\"image.default\">\n\t\t\t\t<div class=\"elementor-widget-container\">\n\t\t\t\t\t\t\t\t\t\t\t\t\t\t\t<img decoding=\"async\" width=\"683\" height=\"1024\" src=\"https:\/\/bpi.be-ge.se\/wp-content\/uploads\/2026\/01\/Fotograf-Cornelia-Hoglind-2025_Be-Ge-plat53-683x1024.webp\" class=\"attachment-large size-large wp-image-15687\" alt=\"\" srcset=\"https:\/\/bpi.be-ge.se\/wp-content\/uploads\/2026\/01\/Fotograf-Cornelia-Hoglind-2025_Be-Ge-plat53-683x1024.webp 683w, https:\/\/bpi.be-ge.se\/wp-content\/uploads\/2026\/01\/Fotograf-Cornelia-Hoglind-2025_Be-Ge-plat53-200x300.webp 200w, https:\/\/bpi.be-ge.se\/wp-content\/uploads\/2026\/01\/Fotograf-Cornelia-Hoglind-2025_Be-Ge-plat53-768x1151.webp 768w, https:\/\/bpi.be-ge.se\/wp-content\/uploads\/2026\/01\/Fotograf-Cornelia-Hoglind-2025_Be-Ge-plat53-1024x1536.webp 1024w, https:\/\/bpi.be-ge.se\/wp-content\/uploads\/2026\/01\/Fotograf-Cornelia-Hoglind-2025_Be-Ge-plat53-1366x2048.webp 1366w, https:\/\/bpi.be-ge.se\/wp-content\/uploads\/2026\/01\/Fotograf-Cornelia-Hoglind-2025_Be-Ge-plat53-8x12.webp 8w, https:\/\/bpi.be-ge.se\/wp-content\/uploads\/2026\/01\/Fotograf-Cornelia-Hoglind-2025_Be-Ge-plat53.webp 1500w\" sizes=\"(max-width: 683px) 100vw, 683px\" \/>\t\t\t\t\t\t\t\t\t\t\t\t\t\t\t<\/div>\n\t\t\t\t<\/div>\n\t\t\t\t\t<\/div>\n\t\t<\/div>\n\t\t\t\t\t<\/div>\n\t\t<\/section>\n\t\t\t\t<section class=\"elementor-section elementor-top-section elementor-element elementor-element-a4e74af elementor-section-boxed elementor-section-height-default elementor-section-height-default\" data-id=\"a4e74af\" data-element_type=\"section\" data-e-type=\"section\">\n\t\t\t\t\t\t<div class=\"elementor-container elementor-column-gap-default\">\n\t\t\t\t\t<div class=\"elementor-column elementor-col-100 elementor-top-column elementor-element elementor-element-590ec5e\" data-id=\"590ec5e\" data-element_type=\"column\" data-e-type=\"column\">\n\t\t\t<div class=\"elementor-widget-wrap elementor-element-populated\">\n\t\t\t\t\t\t<section class=\"elementor-section elementor-inner-section elementor-element elementor-element-21d0236f elementor-section-boxed elementor-section-height-default elementor-section-height-default\" data-id=\"21d0236f\" data-element_type=\"section\" data-e-type=\"section\">\n\t\t\t\t\t\t<div class=\"elementor-container elementor-column-gap-wider\">\n\t\t\t\t\t<div class=\"elementor-column elementor-col-100 elementor-inner-column elementor-element elementor-element-5553e5d7\" data-id=\"5553e5d7\" data-element_type=\"column\" data-e-type=\"column\" data-settings=\"{&quot;background_background&quot;:&quot;classic&quot;}\">\n\t\t\t<div class=\"elementor-widget-wrap elementor-element-populated\">\n\t\t\t\t\t\t<div class=\"elementor-element elementor-element-7c5eea3 elementor-widget elementor-widget-spacer\" data-id=\"7c5eea3\" data-element_type=\"widget\" data-e-type=\"widget\" data-widget_type=\"spacer.default\">\n\t\t\t\t<div class=\"elementor-widget-container\">\n\t\t\t\t\t\t\t<div class=\"elementor-spacer\">\n\t\t\t<div class=\"elementor-spacer-inner\"><\/div>\n\t\t<\/div>\n\t\t\t\t\t\t<\/div>\n\t\t\t\t<\/div>\n\t\t\t\t<div class=\"elementor-element elementor-element-8167156 elementor-cta--skin-cover elementor-animated-content elementor-bg-transform elementor-bg-transform-zoom-in elementor-widget elementor-widget-call-to-action\" data-id=\"8167156\" data-element_type=\"widget\" data-e-type=\"widget\" data-widget_type=\"call-to-action.default\">\n\t\t\t\t<div class=\"elementor-widget-container\">\n\t\t\t\t\t\t\t<div class=\"elementor-cta\">\n\t\t\t\t\t<div class=\"elementor-cta__bg-wrapper\">\n\t\t\t\t<div class=\"elementor-cta__bg elementor-bg\" style=\"background-image: url(https:\/\/bpi.be-ge.se\/wp-content\/uploads\/2024\/02\/DSC_0599_-1024x682.webp);\" role=\"img\" aria-label=\"Be-Ge Pl\u00e5tindustri AB, entr\u00e9. Pressning, svetsning, laserbesk\u00e4rning montering\"><\/div>\n\t\t\t\t<div class=\"elementor-cta__bg-overlay\"><\/div>\n\t\t\t<\/div>\n\t\t\t\t\t\t\t<div class=\"elementor-cta__content\">\n\t\t\t\t\n\t\t\t\t\t\t\t\t\t<h2 class=\"elementor-cta__title elementor-cta__content-item elementor-content-item elementor-animated-item--grow\">\n\t\t\t\t\t\tContact us\t\t\t\t\t<\/h2>\n\t\t\t\t\n\t\t\t\t\t\t\t\t\t<div class=\"elementor-cta__description elementor-cta__content-item elementor-content-item elementor-animated-item--grow\">\n\t\t\t\t\t\tAre you interested in our assembly\nand the assembly of parts? \t\t\t\t\t<\/div>\n\t\t\t\t\n\t\t\t\t\t\t\t\t\t<div class=\"elementor-cta__button-wrapper elementor-cta__content-item elementor-content-item elementor-animated-item--grow\">\n\t\t\t\t\t<a class=\"elementor-cta__button elementor-button elementor-size-\" href=\"\/en\/kontakt\/\">\n\t\t\t\t\t\tContact us here\t\t\t\t\t<\/a>\n\t\t\t\t\t<\/div>\n\t\t\t\t\t\t\t<\/div>\n\t\t\t\t\t\t<\/div>\n\t\t\t\t\t\t<\/div>\n\t\t\t\t<\/div>\n\t\t\t\t\t<\/div>\n\t\t<\/div>\n\t\t\t\t\t<\/div>\n\t\t<\/section>\n\t\t\t\t\t<\/div>\n\t\t<\/div>\n\t\t\t\t\t<\/div>\n\t\t<\/section>\n\t\t\t\t<\/div>","protected":false},"excerpt":{"rendered":"<p>Monteringen Be-Ge Pl\u00e5tindustri AB utf\u00f6r montering och sammans\u00e4ttning av olika detaljer. Sammans\u00e4ttning av olika detaljer Be-Ge Pl\u00e5tindustri AB erbjuder professionell och noggrant utf\u00f6rd sammans\u00e4ttning av olika typer av detaljer och komponenter f\u00f6r industriella till\u00e4mpningar. Med h\u00f6g precision och gedigen teknisk kompetens hanterar vi allt fr\u00e5n enklare montage till mer komplexa sammans\u00e4ttningar av flera ing\u00e5ende delar. [&hellip;]<\/p>\n","protected":false},"author":1,"featured_media":0,"parent":0,"menu_order":0,"comment_status":"closed","ping_status":"closed","template":"","meta":{"_acf_changed":false,"footnotes":""},"class_list":["post-11778","page","type-page","status-publish","hentry"],"acf":[],"_links":{"self":[{"href":"https:\/\/bpi.be-ge.se\/en\/wp-json\/wp\/v2\/pages\/11778","targetHints":{"allow":["GET"]}}],"collection":[{"href":"https:\/\/bpi.be-ge.se\/en\/wp-json\/wp\/v2\/pages"}],"about":[{"href":"https:\/\/bpi.be-ge.se\/en\/wp-json\/wp\/v2\/types\/page"}],"author":[{"embeddable":true,"href":"https:\/\/bpi.be-ge.se\/en\/wp-json\/wp\/v2\/users\/1"}],"replies":[{"embeddable":true,"href":"https:\/\/bpi.be-ge.se\/en\/wp-json\/wp\/v2\/comments?post=11778"}],"version-history":[{"count":9,"href":"https:\/\/bpi.be-ge.se\/en\/wp-json\/wp\/v2\/pages\/11778\/revisions"}],"predecessor-version":[{"id":15693,"href":"https:\/\/bpi.be-ge.se\/en\/wp-json\/wp\/v2\/pages\/11778\/revisions\/15693"}],"wp:attachment":[{"href":"https:\/\/bpi.be-ge.se\/en\/wp-json\/wp\/v2\/media?parent=11778"}],"curies":[{"name":"wp","href":"https:\/\/api.w.org\/{rel}","templated":true}]}}