{"id":11784,"date":"2022-04-01T11:51:40","date_gmt":"2022-04-01T09:51:40","guid":{"rendered":"https:\/\/bpi.be-ge.se\/?page_id=11784"},"modified":"2026-01-15T13:53:11","modified_gmt":"2026-01-15T12:53:11","slug":"bli-medarbetare","status":"publish","type":"page","link":"https:\/\/bpi.be-ge.se\/en\/bli-medarbetare\/","title":{"rendered":"Become an employee"},"content":{"rendered":"\t\t<div data-elementor-type=\"wp-page\" data-elementor-id=\"11784\" class=\"elementor elementor-11784\" data-elementor-post-type=\"page\">\n\t\t\t\t\t\t<section class=\"elementor-section elementor-top-section elementor-element elementor-element-6e181914 elementor-section-boxed elementor-section-height-default elementor-section-height-default\" data-id=\"6e181914\" data-element_type=\"section\" data-e-type=\"section\">\n\t\t\t\t\t\t<div class=\"elementor-container elementor-column-gap-default\">\n\t\t\t\t\t<div class=\"elementor-column elementor-col-50 elementor-top-column elementor-element elementor-element-71712da5\" data-id=\"71712da5\" data-element_type=\"column\" data-e-type=\"column\">\n\t\t\t<div class=\"elementor-widget-wrap elementor-element-populated\">\n\t\t\t\t\t\t<div class=\"elementor-element elementor-element-6c87cbe9 elementor-widget elementor-widget-heading\" data-id=\"6c87cbe9\" data-element_type=\"widget\" data-e-type=\"widget\" data-widget_type=\"heading.default\">\n\t\t\t\t<div class=\"elementor-widget-container\">\n\t\t\t\t\t<h1 class=\"elementor-heading-title elementor-size-large\">Bli medarbetare<\/h1>\t\t\t\t<\/div>\n\t\t\t\t<\/div>\n\t\t\t\t\t<\/div>\n\t\t<\/div>\n\t\t\t\t<div class=\"elementor-column elementor-col-50 elementor-top-column elementor-element elementor-element-30f1b23\" data-id=\"30f1b23\" data-element_type=\"column\" data-e-type=\"column\">\n\t\t\t<div class=\"elementor-widget-wrap elementor-element-populated\">\n\t\t\t\t\t\t<div class=\"elementor-element elementor-element-4eade449 elementor-widget elementor-widget-text-editor\" data-id=\"4eade449\" data-element_type=\"widget\" data-e-type=\"widget\" data-widget_type=\"text-editor.default\">\n\t\t\t\t<div class=\"elementor-widget-container\">\n\t\t\t\t\t\t\t\t\t<p>\u00c4r du intresserad av att jobba hos oss? Fyll d\u00e5 i formul\u00e4ret nedan.<\/p>\t\t\t\t\t\t\t\t<\/div>\n\t\t\t\t<\/div>\n\t\t\t\t\t<\/div>\n\t\t<\/div>\n\t\t\t\t\t<\/div>\n\t\t<\/section>\n\t\t\t\t<section class=\"elementor-section elementor-top-section elementor-element elementor-element-3051125b elementor-section-full_width elementor-section-height-min-height elementor-section-height-default elementor-section-items-middle\" data-id=\"3051125b\" data-element_type=\"section\" data-e-type=\"section\" data-settings=\"{&quot;background_background&quot;:&quot;classic&quot;}\">\n\t\t\t\t\t\t\t<div class=\"elementor-background-overlay\"><\/div>\n\t\t\t\t\t\t\t<div class=\"elementor-container elementor-column-gap-default\">\n\t\t\t\t\t<div class=\"elementor-column elementor-col-100 elementor-top-column elementor-element elementor-element-2efe84c2\" data-id=\"2efe84c2\" data-element_type=\"column\" data-e-type=\"column\">\n\t\t\t<div class=\"elementor-widget-wrap\">\n\t\t\t\t\t\t\t<\/div>\n\t\t<\/div>\n\t\t\t\t\t<\/div>\n\t\t<\/section>\n\t\t\t\t<section class=\"elementor-section elementor-top-section elementor-element elementor-element-7020d4b5 elementor-section-boxed elementor-section-height-default elementor-section-height-default\" data-id=\"7020d4b5\" data-element_type=\"section\" data-e-type=\"section\">\n\t\t\t\t\t\t<div class=\"elementor-container elementor-column-gap-default\">\n\t\t\t\t\t<div class=\"elementor-column elementor-col-100 elementor-top-column elementor-element elementor-element-54826303\" data-id=\"54826303\" data-element_type=\"column\" data-e-type=\"column\">\n\t\t\t<div class=\"elementor-widget-wrap elementor-element-populated\">\n\t\t\t\t\t\t<div class=\"elementor-element elementor-element-148c4f96 elementor-widget elementor-widget-heading\" data-id=\"148c4f96\" data-element_type=\"widget\" data-e-type=\"widget\" data-widget_type=\"heading.default\">\n\t\t\t\t<div class=\"elementor-widget-container\">\n\t\t\t\t\t<h2 class=\"elementor-heading-title elementor-size-large\">Arbetsans\u00f6kan<\/h2>\t\t\t\t<\/div>\n\t\t\t\t<\/div>\n\t\t\t\t<div class=\"elementor-element elementor-element-5ce40723 elementor-widget elementor-widget-text-editor\" data-id=\"5ce40723\" data-element_type=\"widget\" data-e-type=\"widget\" data-widget_type=\"text-editor.default\">\n\t\t\t\t<div class=\"elementor-widget-container\">\n\t\t\t\t\t\t\t\t\t<p>Vi s\u00f6ker kontinuerligt personal till Be-Ge Pl\u00e5tindustri. Fyll i formul\u00e4ret nedan:<\/p>\t\t\t\t\t\t\t\t<\/div>\n\t\t\t\t<\/div>\n\t\t\t\t<div class=\"elementor-element elementor-element-0a26770 elementor-widget elementor-widget-shortcode\" data-id=\"0a26770\" data-element_type=\"widget\" data-e-type=\"widget\" data-widget_type=\"shortcode.default\">\n\t\t\t\t<div class=\"elementor-widget-container\">\n\t\t\t\t\t\t\t<div class=\"elementor-shortcode\"><form class=\"af-form acf-form\" method=\"POST\" action=\"https:\/\/bpi.be-ge.se\/en\/wp-json\/wp\/v2\/pages\/11784\" id=\"form_628cdfbe31c00\" data-key=\"form_628cdfbe31c00\" data-recaptcha-site-key=\"6LeVtw4jAAAAAGF-gnCCIBVao6u9tCrmdTdYoeWU\"><div class=\"af-fields acf-fields acf-form-fields -top\">\t<div id=\"acf-form-data\" class=\"acf-hidden\">\n\t\t<input type=\"hidden\" id=\"_acf_screen\" name=\"_acf_screen\" value=\"acf_form\"\/><input type=\"hidden\" id=\"_acf_post_id\" name=\"_acf_post_id\" value=\"0\"\/><input type=\"hidden\" id=\"_acf_validation\" name=\"_acf_validation\" value=\"1\"\/><input type=\"hidden\" id=\"_acf_form\" name=\"_acf_form\" value=\"0\"\/><input type=\"hidden\" id=\"_acf_nonce\" name=\"_acf_nonce\" value=\"f541aee63c\"\/><input type=\"hidden\" id=\"_acf_changed\" name=\"_acf_changed\" value=\"0\"\/>\t<\/div>\n\t<div class=\"acf-hidden\"><input type=\"hidden\" name=\"_acfnonce\" value=\"9e3ae449ef\"><input type=\"hidden\" name=\"nonce\" value=\"9e3ae449ef\"><input type=\"hidden\" name=\"af_form\" value=\"form_628cdfbe31c00\"><input type=\"hidden\" name=\"af_form_args\" value=\"eyJhamF4IjpmYWxzZSwiZGlzcGxheV90aXRsZSI6ZmFsc2UsImRpc3BsYXlfZGVzY3JpcHRpb24iOmZhbHNlLCJpZCI6ImZvcm1fNjI4Y2RmYmUzMWMwMCIsInZhbHVlcyI6W10sInN1Ym1pdF90ZXh0IjoiU3VibWl0IiwicmVkaXJlY3QiOm51bGwsInRhcmdldCI6Imh0dHBzOlwvXC9icGkuYmUtZ2Uuc2VcL2VuXC93cC1qc29uXC93cFwvdjJcL3BhZ2VzXC8xMTc4NCIsImVjaG8iOnRydWUsImV4Y2x1ZGVfZmllbGRzIjpbXSwidXBsb2FkZXIiOiJ3cCIsImZpbHRlcl9tb2RlIjpmYWxzZSwibGFiZWxfcGxhY2VtZW50IjoidG9wIiwiaW5zdHJ1Y3Rpb25fcGxhY2VtZW50IjoibGFiZWwiLCJob25leXBvdCI6dHJ1ZX0=\"><input type=\"hidden\" name=\"_acf_form\" value=\"eyJhamF4IjpmYWxzZSwiZGlzcGxheV90aXRsZSI6ZmFsc2UsImRpc3BsYXlfZGVzY3JpcHRpb24iOmZhbHNlLCJpZCI6ImZvcm1fNjI4Y2RmYmUzMWMwMCIsInZhbHVlcyI6W10sInN1Ym1pdF90ZXh0IjoiU3VibWl0IiwicmVkaXJlY3QiOm51bGwsInRhcmdldCI6Imh0dHBzOlwvXC9icGkuYmUtZ2Uuc2VcL2VuXC93cC1qc29uXC93cFwvdjJcL3BhZ2VzXC8xMTc4NCIsImVjaG8iOnRydWUsImV4Y2x1ZGVfZmllbGRzIjpbXSwidXBsb2FkZXIiOiJ3cCIsImZpbHRlcl9tb2RlIjpmYWxzZSwibGFiZWxfcGxhY2VtZW50IjoidG9wIiwiaW5zdHJ1Y3Rpb25fcGxhY2VtZW50IjoibGFiZWwiLCJob25leXBvdCI6dHJ1ZX0=\"><input type=\"hidden\" name=\"af_form_nonce\" value=\"b608bd583a\"><label for=\"af_email_for_non_humans_form_628cdfbe31c00\" aria-hidden=\"true\">Email for non-humans<\/label><input type=\"text\" name=\"email_for_non_humans\" id=\"af_email_for_non_humans_form_628cdfbe31c00\" tabindex=\"-1\" autocomplete=\"off\" \/><input type=\"hidden\" name=\"af_origin_url\" value=\"https:\/\/bpi.be-ge.se\/en\/wp-json\/wp\/v2\/pages\/11784\" \/><\/div><div class=\"af-field af-field-type-text af-field-namn acf-field acf-field-text acf-field-60a2b8aa8c8f6 af-field-required\" data-name=\"namn\" data-key=\"field_60a2b8aa8c8f6\" data-type=\"text\"><div class=\"af-label acf-label\"><label for=\"acf-field_60a2b8aa8c8f6\">Ditt namn <span class=\"acf-required\">*<\/span><\/label><\/div><div class=\"af-input acf-input\"><div class=\"acf-input-wrap\"><input type=\"text\" id=\"acf-field_60a2b8aa8c8f6\" name=\"acf[field_60a2b8aa8c8f6]\" required=\"required\"\/><\/div><\/div><\/div><div class=\"af-field af-field-type-text af-field-telefonnummer acf-field acf-field-text acf-field-60a2b8d08c8f7 af-field-required\" data-name=\"telefonnummer\" data-key=\"field_60a2b8d08c8f7\" data-type=\"text\"><div class=\"af-label acf-label\"><label for=\"acf-field_60a2b8d08c8f7\">Telefonnummer <span class=\"acf-required\">*<\/span><\/label><\/div><div class=\"af-input acf-input\"><div class=\"acf-input-wrap\"><input type=\"text\" id=\"acf-field_60a2b8d08c8f7\" name=\"acf[field_60a2b8d08c8f7]\" required=\"required\"\/><\/div><\/div><\/div><div class=\"af-field af-field-type-email af-field-e-post acf-field acf-field-email acf-field-60a2b8f58c8f8 af-field-required\" data-name=\"e-post\" data-key=\"field_60a2b8f58c8f8\" data-type=\"email\"><div class=\"af-label acf-label\"><label for=\"acf-field_60a2b8f58c8f8\">E-post <span class=\"acf-required\">*<\/span><\/label><\/div><div class=\"af-input acf-input\"><div class=\"acf-input-wrap\"><input type=\"email\" id=\"acf-field_60a2b8f58c8f8\" name=\"acf[field_60a2b8f58c8f8]\" required=\"required\"\/><\/div><\/div><\/div><div class=\"af-field af-field-type-text af-field-amne acf-field acf-field-text acf-field-60a2b8ff8c8f9 af-field-required\" data-name=\"amne\" data-key=\"field_60a2b8ff8c8f9\" data-type=\"text\"><div class=\"af-label acf-label\"><label for=\"acf-field_60a2b8ff8c8f9\">\u00c4mne <span class=\"acf-required\">*<\/span><\/label><\/div><div class=\"af-input acf-input\"><div class=\"acf-input-wrap\"><input type=\"text\" id=\"acf-field_60a2b8ff8c8f9\" name=\"acf[field_60a2b8ff8c8f9]\" required=\"required\"\/><\/div><\/div><\/div><div class=\"af-field af-field-type-textarea af-field-meddelande acf-field acf-field-textarea acf-field-60a2b9088c8fa af-field-required\" data-name=\"meddelande\" data-key=\"field_60a2b9088c8fa\" data-type=\"textarea\"><div class=\"af-label acf-label\"><label for=\"acf-field_60a2b9088c8fa\">Meddelande <span class=\"acf-required\">*<\/span><\/label><\/div><div class=\"af-input acf-input\"><textarea id=\"acf-field_60a2b9088c8fa\" name=\"acf[field_60a2b9088c8fa]\" rows=\"6\" required=\"required\"><\/textarea><\/div><\/div><div class=\"af-field af-field-type-repeater af-field-filuppladdning acf-field acf-field-repeater acf-field-62460644269e3 af-field-required\" data-name=\"filuppladdning\" data-key=\"field_62460644269e3\" data-type=\"repeater\"><div class=\"af-label acf-label\"><label for=\"acf-field_62460644269e3\">Filuppladdning <span class=\"acf-required\">*<\/span><\/label><p class=\"af-field-instructions -placement-label\">H\u00e4r kan du ladda upp en fil per rad. Format som st\u00f6ds \u00e4r JPEG, PDF och Doc.<\/p><\/div><div class=\"af-input acf-input\">\t\t<div class=\"acf-repeater -table\" data-min=\"0\" data-max=\"3\" data-pagination=\"0\" data-prefix=\"acf\">\n\t\t\t<input type=\"hidden\" name=\"acf[field_62460644269e3]\" value=\"\" class=\"acf-repeater-hidden-input\"\/>\t\t\t<table class=\"acf-table\">\n\t\t\t\t\t\t<thead>\n\t\t\t<tr>\n\t\t\t\t\t\t\t\t\t<th class=\"acf-row-handle\"><\/th>\n\t\t\t\t\n\t\t\t\t\t\t\t\t\t<th class=\"acf-th\" data-name=\"bifogade_filer\" data-type=\"file\" data-key=\"field_6246065b269e4\">\n\t\t\t\t\t\t<label>Bifogade filer <span class=\"acf-required\">*<\/span><\/label>\t\t\t\t\t\t\t\t\t\t\t<\/th>\n\t\t\t\t\n\t\t\t\t\t\t\t\t\t<th class=\"acf-row-handle\"><\/th>\n\t\t\t\t\t\t\t<\/tr>\n\t\t<\/thead>\n\t\t\t\t\t\t<tbody>\n\t\t\t\t\t<tr class=\"acf-row acf-clone\" data-id=\"acfcloneindex\">\t\t<td class=\"acf-row-handle order\" title=\"Drag to reorder\">\n\t\t\t\t\t\t<span class=\"acf-row-number\" title=\"Click to reorder\">1<\/span>\t\t<\/td>\n\t\t<td class=\"acf-field acf-field-file acf-field-6246065b269e4 is-required\" data-name=\"bifogade_filer\" data-type=\"file\" data-key=\"field_6246065b269e4\" data-required=\"1\">\n<div class=\"acf-input\">\n<div class=\"acf-file-uploader\" data-library=\"all\" data-mime_types=\"jpeg,jpg,pdf,doc,docx\" data-uploader=\"basic\">\n\t\t\t<input type=\"hidden\" name=\"acf[field_62460644269e3][acfcloneindex][field_6246065b269e4]\" value=\"\" data-name=\"id\"\/>\t<div class=\"show-if-value file-wrap\" tabindex=\"0\" role=\"button\" aria-label=\"Selected file. Press tab to access file options.\">\n\t\t<div class=\"file-icon\">\n\t\t\t<img decoding=\"async\" data-name=\"icon\" src=\"\" alt=\"\"\/>\n\t\t<\/div>\n\t\t<div class=\"file-info\">\n\t\t\t<p>\n\t\t\t\t<strong data-name=\"title\"><\/strong>\n\t\t\t<\/p>\n\t\t\t<p>\n\t\t\t\t<strong>File name:<\/strong>\n\t\t\t\t<a data-name=\"filename\" href=\"\" target=\"_blank\"><\/a>\n\t\t\t<\/p>\n\t\t\t<p>\n\t\t\t\t<strong>File size:<\/strong>\n\t\t\t\t<span data-name=\"filesize\"><\/span>\n\t\t\t<\/p>\n\t\t<\/div>\n\t\t<div class=\"acf-actions -hover\">\n\t\t\t\t\t\t<a class=\"acf-icon -cancel dark\" data-name=\"remove\" href=\"#\" title=\"Remove\" aria-label=\"Remove file\"><\/a>\n\t\t<\/div>\n\t<\/div>\n\t<div class=\"hide-if-value\">\n\t\t\t\t\t\t\n\t\t\t\t\t\t\t\n\t\t\t<label class=\"acf-basic-uploader\">\n\t\t\t\t<input type=\"file\" name=\"acf[field_62460644269e3][acfcloneindex][field_6246065b269e4]\" id=\"acf-field_62460644269e3-acfcloneindex-field_6246065b269e4\" key=\"field_6246065b269e4\" accept=\"jpeg,jpg,pdf,doc,docx\" \/><input type=\"hidden\" name=\"acf[field_6246065b269e4_file_nonce]\" value=\"8fff079201\" \/>\t\t\t<\/label>\n\t\t\t\n\t\t\t\t\n\t<\/div>\n<\/div>\n\t\t\t<\/div>\n<\/td>\n\t\t<td class=\"acf-row-handle remove\">\n\t\t\t<a class=\"acf-icon -plus small acf-js-tooltip hide-on-shift\" href=\"#\" data-event=\"add-row\" title=\"Add row\"><\/a>\n\t\t\t<a class=\"acf-icon -duplicate small acf-js-tooltip show-on-shift\" href=\"#\" data-event=\"duplicate-row\" title=\"Duplicate row\"><\/a>\n\t\t\t<a class=\"acf-icon -minus small acf-js-tooltip\" href=\"#\" data-event=\"remove-row\" title=\"Remove row\"><\/a>\n\t\t<\/td>\n\t\t<\/tr>\t\t\t\t<\/tbody>\n\t\t\t<\/table>\n\t\t\t\t\t<div class=\"acf-actions\">\n\t\t\t<a class=\"acf-button acf-repeater-add-row button button-primary\" href=\"#\" data-event=\"add-row\">L\u00e4gg till fil<\/a>\n\t\t\t\t\t\t<div class=\"clear\"><\/div>\n\t\t<\/div>\n\t\t\t\t<\/div>\n\t\t<\/div><\/div><div class=\"af-field af-field-type-checkbox af-field-data-consent acf-field acf-field-checkbox acf-field-6319aa92ddfb8 af-field-required\" data-name=\"data_consent\" data-key=\"field_6319aa92ddfb8\" data-type=\"checkbox\"><div class=\"af-label acf-label\"><label for=\"acf-field_6319aa92ddfb8\">I och med att jag skickar in mina uppgifter ger jag fullst\u00e4ndigt samtycke att mina uppgifter lagras f\u00f6r matchning mot rekryteringsuppdrag.* <span class=\"acf-required\">*<\/span><\/label><\/div><div class=\"af-input acf-input\"><input type=\"hidden\" name=\"acf[field_6319aa92ddfb8]\"\/><ul class=\"acf-checkbox-list acf-bl\" role=\"group\" aria-labelledby=\"acf-field_6319aa92ddfb8-label\">\n<li><label><input type=\"checkbox\" id=\"acf-field_6319aa92ddfb8-consent\" name=\"acf[field_6319aa92ddfb8][]\" value=\"consent\"\/> Fullst\u00e4ndigt samtycke<\/label><\/li>\n<\/ul>\n<\/div><\/div><div class=\"af-submit acf-form-submit\"><button type=\"submit\" class=\"acf-button af-submit-button\">Submit<\/button><span class=\"acf-spinner af-spinner\"><\/span><\/div><\/div><\/form><\/div>\n\t\t\t\t\t\t<\/div>\n\t\t\t\t<\/div>\n\t\t\t\t\t<\/div>\n\t\t<\/div>\n\t\t\t\t\t<\/div>\n\t\t<\/section>\n\t\t\t\t<\/div>\n\t\t","protected":false},"excerpt":{"rendered":"<p>Bli medarbetare \u00c4r du intresserad av att jobba hos oss? Fyll d\u00e5 i formul\u00e4ret nedan. Arbetsans\u00f6kan Vi s\u00f6ker kontinuerligt personal till Be-Ge Pl\u00e5tindustri. Fyll i formul\u00e4ret nedan:<\/p>","protected":false},"author":1,"featured_media":0,"parent":0,"menu_order":0,"comment_status":"closed","ping_status":"closed","template":"","meta":{"_acf_changed":false,"footnotes":""},"class_list":["post-11784","page","type-page","status-publish","hentry"],"acf":[],"_links":{"self":[{"href":"https:\/\/bpi.be-ge.se\/en\/wp-json\/wp\/v2\/pages\/11784","targetHints":{"allow":["GET"]}}],"collection":[{"href":"https:\/\/bpi.be-ge.se\/en\/wp-json\/wp\/v2\/pages"}],"about":[{"href":"https:\/\/bpi.be-ge.se\/en\/wp-json\/wp\/v2\/types\/page"}],"author":[{"embeddable":true,"href":"https:\/\/bpi.be-ge.se\/en\/wp-json\/wp\/v2\/users\/1"}],"replies":[{"embeddable":true,"href":"https:\/\/bpi.be-ge.se\/en\/wp-json\/wp\/v2\/comments?post=11784"}],"version-history":[{"count":6,"href":"https:\/\/bpi.be-ge.se\/en\/wp-json\/wp\/v2\/pages\/11784\/revisions"}],"predecessor-version":[{"id":15704,"href":"https:\/\/bpi.be-ge.se\/en\/wp-json\/wp\/v2\/pages\/11784\/revisions\/15704"}],"wp:attachment":[{"href":"https:\/\/bpi.be-ge.se\/en\/wp-json\/wp\/v2\/media?parent=11784"}],"curies":[{"name":"wp","href":"https:\/\/api.w.org\/{rel}","templated":true}]}}